{"id":58,"date":"2024-10-29T15:13:53","date_gmt":"2024-10-29T14:13:53","guid":{"rendered":"https:\/\/vittetgolf-academy.com\/?page_id=58"},"modified":"2024-11-06T10:50:44","modified_gmt":"2024-11-06T09:50:44","slug":"materiel-de-golf","status":"publish","type":"page","link":"https:\/\/vittetgolf-academy.com\/fr\/materiel-de-golf\/","title":{"rendered":"Mat\u00e9riel de golf"},"content":{"rendered":"\t\t<div data-elementor-type=\"wp-page\" data-elementor-id=\"58\" class=\"elementor elementor-58\" data-elementor-post-type=\"page\">\n\t\t\t\t<div class=\"elementor-element elementor-element-6901f59 e-flex e-con-boxed e-con e-parent\" data-id=\"6901f59\" data-element_type=\"container\">\n\t\t\t\t\t<div class=\"e-con-inner\">\n\t\t<div class=\"elementor-element elementor-element-9d39915 e-con-full e-flex e-con e-child\" data-id=\"9d39915\" data-element_type=\"container\">\n\t\t\t\t<div class=\"elementor-element elementor-element-0e8eb9a elementor-widget elementor-widget-image\" data-id=\"0e8eb9a\" data-element_type=\"widget\" data-widget_type=\"image.default\">\n\t\t\t\t<div class=\"elementor-widget-container\">\n\t\t\t\t\t\t\t\t\t\t\t\t\t<img fetchpriority=\"high\" decoding=\"async\" width=\"800\" height=\"800\" src=\"https:\/\/vittetgolf-academy.com\/wp-content\/uploads\/2024\/10\/balle-golf-1024x1024.jpg\" class=\"attachment-large size-large wp-image-71\" alt=\"\" srcset=\"https:\/\/vittetgolf-academy.com\/wp-content\/uploads\/2024\/10\/balle-golf-1024x1024.jpg 1024w, https:\/\/vittetgolf-academy.com\/wp-content\/uploads\/2024\/10\/balle-golf-300x300.jpg 300w, https:\/\/vittetgolf-academy.com\/wp-content\/uploads\/2024\/10\/balle-golf-768x768.jpg 768w\" sizes=\"(max-width: 800px) 100vw, 800px\" \/>\t\t\t\t\t\t\t\t\t\t\t\t\t<\/div>\n\t\t\t\t<\/div>\n\t\t\t\t<\/div>\n\t\t<div class=\"elementor-element elementor-element-017c9be e-con-full e-flex e-con e-child\" data-id=\"017c9be\" data-element_type=\"container\">\n\t\t\t\t<div class=\"elementor-element elementor-element-d220f7e elementor-widget elementor-widget-heading\" data-id=\"d220f7e\" data-element_type=\"widget\" data-widget_type=\"heading.default\">\n\t\t\t\t<div class=\"elementor-widget-container\">\n\t\t\t<h2 class=\"elementor-heading-title elementor-size-default\">Mat\u00e9riel de golf<\/h2>\t\t<\/div>\n\t\t\t\t<\/div>\n\t\t\t\t<\/div>\n\t\t\t\t\t<\/div>\n\t\t\t\t<\/div>\n\t\t<div class=\"elementor-element elementor-element-bbe0857 e-flex e-con-boxed e-con e-parent\" data-id=\"bbe0857\" data-element_type=\"container\">\n\t\t\t\t\t<div class=\"e-con-inner\">\n\t\t<div class=\"elementor-element elementor-element-84e981d e-con-full e-flex e-con e-child\" data-id=\"84e981d\" data-element_type=\"container\">\n\t\t\t\t<div class=\"elementor-element elementor-element-e00dd59 elementor-widget elementor-widget-image\" data-id=\"e00dd59\" data-element_type=\"widget\" data-widget_type=\"image.default\">\n\t\t\t\t<div class=\"elementor-widget-container\">\n\t\t\t\t\t\t\t\t\t\t\t\t\t\t<a href=\"https:\/\/golfcenter.ch\/fr\/\" target=\"_blank\">\n\t\t\t\t\t\t\t<img decoding=\"async\" width=\"700\" height=\"185\" src=\"https:\/\/vittetgolf-academy.com\/wp-content\/uploads\/2024\/10\/logo-golfcenter.png\" class=\"attachment-large size-large wp-image-70\" alt=\"\" srcset=\"https:\/\/vittetgolf-academy.com\/wp-content\/uploads\/2024\/10\/logo-golfcenter.png 700w, https:\/\/vittetgolf-academy.com\/wp-content\/uploads\/2024\/10\/logo-golfcenter-300x79.png 300w\" sizes=\"(max-width: 700px) 100vw, 700px\" \/>\t\t\t\t\t\t\t\t<\/a>\n\t\t\t\t\t\t\t\t\t\t\t\t\t<\/div>\n\t\t\t\t<\/div>\n\t\t\t\t<\/div>\n\t\t<div class=\"elementor-element elementor-element-c4e76bf e-con-full e-flex e-con e-child\" data-id=\"c4e76bf\" data-element_type=\"container\">\n\t\t\t\t<div class=\"elementor-element elementor-element-f1b997c elementor-widget elementor-widget-text-editor\" data-id=\"f1b997c\" data-element_type=\"widget\" data-widget_type=\"text-editor.default\">\n\t\t\t\t<div class=\"elementor-widget-container\">\n\t\t\t\t\t\t\t<p>C&rsquo;est avec plaisir que nous vous conseillerons sur le mat\u00e9riel qui vous convient le mieux.<br \/>Nous travaillons en partenariat avec les magasins <a href=\"https:\/\/golfcenter.ch\/fr\/\" target=\"_blank\" rel=\"noopener\">Golf Center<\/a>, pr\u00e9sents un peu partout en Suisse romande et qui proposent les marques les plus int\u00e9ressantes du moment.<\/p>\t\t\t\t\t\t<\/div>\n\t\t\t\t<\/div>\n\t\t\t\t<\/div>\n\t\t\t\t\t<\/div>\n\t\t\t\t<\/div>\n\t\t\t\t<\/div>\n\t\t","protected":false},"excerpt":{"rendered":"<p>Mat\u00e9riel de golf C&rsquo;est avec plaisir que nous vous conseillerons sur le mat\u00e9riel qui vous convient le mieux.Nous travaillons en partenariat avec les magasins Golf Center, pr\u00e9sents un peu partout en Suisse romande et qui proposent les marques les plus int\u00e9ressantes du moment.<\/p>\n","protected":false},"author":1,"featured_media":0,"parent":0,"menu_order":0,"comment_status":"closed","ping_status":"closed","template":"","meta":{"footnotes":""},"class_list":["post-58","page","type-page","status-publish","hentry"],"yoast_head":"<!-- This site is optimized with the Yoast SEO plugin v24.0 - https:\/\/yoast.com\/wordpress\/plugins\/seo\/ -->\n<title>Mat\u00e9riel de golf - Vittet Golf Academy<\/title>\n<meta name=\"robots\" content=\"index, follow, max-snippet:-1, max-image-preview:large, max-video-preview:-1\" \/>\n<link rel=\"canonical\" href=\"https:\/\/vittetgolf-academy.com\/fr\/materiel-de-golf\/\" \/>\n<meta property=\"og:locale\" content=\"fr_FR\" \/>\n<meta property=\"og:type\" content=\"article\" \/>\n<meta property=\"og:title\" content=\"Mat\u00e9riel de golf - Vittet Golf Academy\" \/>\n<meta property=\"og:description\" content=\"Mat\u00e9riel de golf C&rsquo;est avec plaisir que nous vous conseillerons sur le mat\u00e9riel qui vous convient le mieux.Nous travaillons en partenariat avec les magasins Golf Center, pr\u00e9sents un peu partout en Suisse romande et qui proposent les marques les plus int\u00e9ressantes du moment.\" \/>\n<meta property=\"og:url\" content=\"https:\/\/vittetgolf-academy.com\/fr\/materiel-de-golf\/\" \/>\n<meta property=\"og:site_name\" content=\"Vittet Golf Academy\" \/>\n<meta property=\"article:modified_time\" content=\"2024-11-06T09:50:44+00:00\" \/>\n<meta property=\"og:image\" content=\"https:\/\/vittetgolf-academy.com\/wp-content\/uploads\/2024\/10\/balle-golf.jpg\" \/>\n\t<meta property=\"og:image:width\" content=\"8000\" \/>\n\t<meta property=\"og:image:height\" content=\"8000\" \/>\n\t<meta property=\"og:image:type\" content=\"image\/jpeg\" \/>\n<meta name=\"twitter:card\" content=\"summary_large_image\" \/>\n<meta name=\"twitter:label1\" content=\"Dur\u00e9e de lecture estim\u00e9e\" \/>\n\t<meta name=\"twitter:data1\" content=\"1 minute\" \/>\n<script type=\"application\/ld+json\" class=\"yoast-schema-graph\">{\"@context\":\"https:\/\/schema.org\",\"@graph\":[{\"@type\":\"WebPage\",\"@id\":\"https:\/\/vittetgolf-academy.com\/materiel-de-golf\/\",\"url\":\"https:\/\/vittetgolf-academy.com\/materiel-de-golf\/\",\"name\":\"Mat\u00e9riel de golf - Vittet Golf Academy\",\"isPartOf\":{\"@id\":\"https:\/\/vittetgolf-academy.com\/#website\"},\"primaryImageOfPage\":{\"@id\":\"https:\/\/vittetgolf-academy.com\/materiel-de-golf\/#primaryimage\"},\"image\":{\"@id\":\"https:\/\/vittetgolf-academy.com\/materiel-de-golf\/#primaryimage\"},\"thumbnailUrl\":\"https:\/\/vittetgolf-academy.com\/wp-content\/uploads\/2024\/10\/balle-golf-1024x1024.jpg\",\"datePublished\":\"2024-10-29T14:13:53+00:00\",\"dateModified\":\"2024-11-06T09:50:44+00:00\",\"breadcrumb\":{\"@id\":\"https:\/\/vittetgolf-academy.com\/materiel-de-golf\/#breadcrumb\"},\"inLanguage\":\"fr-FR\",\"potentialAction\":[{\"@type\":\"ReadAction\",\"target\":[\"https:\/\/vittetgolf-academy.com\/materiel-de-golf\/\"]}]},{\"@type\":\"ImageObject\",\"inLanguage\":\"fr-FR\",\"@id\":\"https:\/\/vittetgolf-academy.com\/materiel-de-golf\/#primaryimage\",\"url\":\"https:\/\/vittetgolf-academy.com\/wp-content\/uploads\/2024\/10\/balle-golf-1024x1024.jpg\",\"contentUrl\":\"https:\/\/vittetgolf-academy.com\/wp-content\/uploads\/2024\/10\/balle-golf-1024x1024.jpg\"},{\"@type\":\"BreadcrumbList\",\"@id\":\"https:\/\/vittetgolf-academy.com\/materiel-de-golf\/#breadcrumb\",\"itemListElement\":[{\"@type\":\"ListItem\",\"position\":1,\"name\":\"Accueil\",\"item\":\"https:\/\/vittetgolf-academy.com\/\"},{\"@type\":\"ListItem\",\"position\":2,\"name\":\"Mat\u00e9riel de golf\"}]},{\"@type\":\"WebSite\",\"@id\":\"https:\/\/vittetgolf-academy.com\/#website\",\"url\":\"https:\/\/vittetgolf-academy.com\/\",\"name\":\"Vittet Golf Academy\",\"description\":\"Cours et stages de golf\",\"publisher\":{\"@id\":\"https:\/\/vittetgolf-academy.com\/#organization\"},\"potentialAction\":[{\"@type\":\"SearchAction\",\"target\":{\"@type\":\"EntryPoint\",\"urlTemplate\":\"https:\/\/vittetgolf-academy.com\/?s={search_term_string}\"},\"query-input\":{\"@type\":\"PropertyValueSpecification\",\"valueRequired\":true,\"valueName\":\"search_term_string\"}}],\"inLanguage\":\"fr-FR\"},{\"@type\":\"Organization\",\"@id\":\"https:\/\/vittetgolf-academy.com\/#organization\",\"name\":\"Vittet Golf Academy\",\"url\":\"https:\/\/vittetgolf-academy.com\/\",\"logo\":{\"@type\":\"ImageObject\",\"inLanguage\":\"fr-FR\",\"@id\":\"https:\/\/vittetgolf-academy.com\/#\/schema\/logo\/image\/\",\"url\":\"https:\/\/vittetgolf-academy.com\/wp-content\/uploads\/2024\/10\/logo4.png\",\"contentUrl\":\"https:\/\/vittetgolf-academy.com\/wp-content\/uploads\/2024\/10\/logo4.png\",\"width\":2000,\"height\":513,\"caption\":\"Vittet Golf  Academy\"},\"image\":{\"@id\":\"https:\/\/vittetgolf-academy.com\/#\/schema\/logo\/image\/\"}}]}<\/script>\n<!-- \/ Yoast SEO plugin. -->","yoast_head_json":{"title":"Mat\u00e9riel de golf - Vittet Golf Academy","robots":{"index":"index","follow":"follow","max-snippet":"max-snippet:-1","max-image-preview":"max-image-preview:large","max-video-preview":"max-video-preview:-1"},"canonical":"https:\/\/vittetgolf-academy.com\/fr\/materiel-de-golf\/","og_locale":"fr_FR","og_type":"article","og_title":"Mat\u00e9riel de golf - Vittet Golf Academy","og_description":"Mat\u00e9riel de golf C&rsquo;est avec plaisir que nous vous conseillerons sur le mat\u00e9riel qui vous convient le mieux.Nous travaillons en partenariat avec les magasins Golf Center, pr\u00e9sents un peu partout en Suisse romande et qui proposent les marques les plus int\u00e9ressantes du moment.","og_url":"https:\/\/vittetgolf-academy.com\/fr\/materiel-de-golf\/","og_site_name":"Vittet Golf Academy","article_modified_time":"2024-11-06T09:50:44+00:00","og_image":[{"width":8000,"height":8000,"url":"https:\/\/vittetgolf-academy.com\/wp-content\/uploads\/2024\/10\/balle-golf.jpg","type":"image\/jpeg"}],"twitter_card":"summary_large_image","twitter_misc":{"Dur\u00e9e de lecture estim\u00e9e":"1 minute"},"schema":{"@context":"https:\/\/schema.org","@graph":[{"@type":"WebPage","@id":"https:\/\/vittetgolf-academy.com\/materiel-de-golf\/","url":"https:\/\/vittetgolf-academy.com\/materiel-de-golf\/","name":"Mat\u00e9riel de golf - Vittet Golf Academy","isPartOf":{"@id":"https:\/\/vittetgolf-academy.com\/#website"},"primaryImageOfPage":{"@id":"https:\/\/vittetgolf-academy.com\/materiel-de-golf\/#primaryimage"},"image":{"@id":"https:\/\/vittetgolf-academy.com\/materiel-de-golf\/#primaryimage"},"thumbnailUrl":"https:\/\/vittetgolf-academy.com\/wp-content\/uploads\/2024\/10\/balle-golf-1024x1024.jpg","datePublished":"2024-10-29T14:13:53+00:00","dateModified":"2024-11-06T09:50:44+00:00","breadcrumb":{"@id":"https:\/\/vittetgolf-academy.com\/materiel-de-golf\/#breadcrumb"},"inLanguage":"fr-FR","potentialAction":[{"@type":"ReadAction","target":["https:\/\/vittetgolf-academy.com\/materiel-de-golf\/"]}]},{"@type":"ImageObject","inLanguage":"fr-FR","@id":"https:\/\/vittetgolf-academy.com\/materiel-de-golf\/#primaryimage","url":"https:\/\/vittetgolf-academy.com\/wp-content\/uploads\/2024\/10\/balle-golf-1024x1024.jpg","contentUrl":"https:\/\/vittetgolf-academy.com\/wp-content\/uploads\/2024\/10\/balle-golf-1024x1024.jpg"},{"@type":"BreadcrumbList","@id":"https:\/\/vittetgolf-academy.com\/materiel-de-golf\/#breadcrumb","itemListElement":[{"@type":"ListItem","position":1,"name":"Accueil","item":"https:\/\/vittetgolf-academy.com\/"},{"@type":"ListItem","position":2,"name":"Mat\u00e9riel de golf"}]},{"@type":"WebSite","@id":"https:\/\/vittetgolf-academy.com\/#website","url":"https:\/\/vittetgolf-academy.com\/","name":"Vittet Golf Academy","description":"Cours et stages de golf","publisher":{"@id":"https:\/\/vittetgolf-academy.com\/#organization"},"potentialAction":[{"@type":"SearchAction","target":{"@type":"EntryPoint","urlTemplate":"https:\/\/vittetgolf-academy.com\/?s={search_term_string}"},"query-input":{"@type":"PropertyValueSpecification","valueRequired":true,"valueName":"search_term_string"}}],"inLanguage":"fr-FR"},{"@type":"Organization","@id":"https:\/\/vittetgolf-academy.com\/#organization","name":"Vittet Golf Academy","url":"https:\/\/vittetgolf-academy.com\/","logo":{"@type":"ImageObject","inLanguage":"fr-FR","@id":"https:\/\/vittetgolf-academy.com\/#\/schema\/logo\/image\/","url":"https:\/\/vittetgolf-academy.com\/wp-content\/uploads\/2024\/10\/logo4.png","contentUrl":"https:\/\/vittetgolf-academy.com\/wp-content\/uploads\/2024\/10\/logo4.png","width":2000,"height":513,"caption":"Vittet Golf  Academy"},"image":{"@id":"https:\/\/vittetgolf-academy.com\/#\/schema\/logo\/image\/"}}]}},"_links":{"self":[{"href":"https:\/\/vittetgolf-academy.com\/fr\/wp-json\/wp\/v2\/pages\/58","targetHints":{"allow":["GET"]}}],"collection":[{"href":"https:\/\/vittetgolf-academy.com\/fr\/wp-json\/wp\/v2\/pages"}],"about":[{"href":"https:\/\/vittetgolf-academy.com\/fr\/wp-json\/wp\/v2\/types\/page"}],"author":[{"embeddable":true,"href":"https:\/\/vittetgolf-academy.com\/fr\/wp-json\/wp\/v2\/users\/1"}],"replies":[{"embeddable":true,"href":"https:\/\/vittetgolf-academy.com\/fr\/wp-json\/wp\/v2\/comments?post=58"}],"version-history":[{"count":20,"href":"https:\/\/vittetgolf-academy.com\/fr\/wp-json\/wp\/v2\/pages\/58\/revisions"}],"predecessor-version":[{"id":308,"href":"https:\/\/vittetgolf-academy.com\/fr\/wp-json\/wp\/v2\/pages\/58\/revisions\/308"}],"wp:attachment":[{"href":"https:\/\/vittetgolf-academy.com\/fr\/wp-json\/wp\/v2\/media?parent=58"}],"curies":[{"name":"wp","href":"https:\/\/api.w.org\/{rel}","templated":true}]}}