{"id":332,"date":"2024-12-02T16:47:09","date_gmt":"2024-12-02T15:47:09","guid":{"rendered":"https:\/\/vittetgolf-academy.com\/?page_id=332"},"modified":"2024-12-02T16:48:53","modified_gmt":"2024-12-02T15:48:53","slug":"lauro-golf","status":"publish","type":"page","link":"https:\/\/vittetgolf-academy.com\/fr\/lauro-golf\/","title":{"rendered":"Lauro Golf"},"content":{"rendered":"\t\t<div data-elementor-type=\"wp-page\" data-elementor-id=\"332\" class=\"elementor elementor-332\" data-elementor-post-type=\"page\">\n\t\t\t\t<div class=\"elementor-element elementor-element-16ef8a93 e-flex e-con-boxed e-con e-parent\" data-id=\"16ef8a93\" data-element_type=\"container\">\n\t\t\t\t\t<div class=\"e-con-inner\">\n\t\t<div class=\"elementor-element elementor-element-71082029 e-con-full e-flex e-con e-child\" data-id=\"71082029\" data-element_type=\"container\">\n\t\t\t\t<div class=\"elementor-element elementor-element-6092c724 elementor-widget elementor-widget-image\" data-id=\"6092c724\" data-element_type=\"widget\" data-widget_type=\"image.default\">\n\t\t\t\t<div class=\"elementor-widget-container\">\n\t\t\t\t\t\t\t\t\t\t\t\t\t<img fetchpriority=\"high\" decoding=\"async\" width=\"800\" height=\"800\" src=\"https:\/\/vittetgolf-academy.com\/wp-content\/uploads\/2024\/10\/balle-golf-1024x1024.jpg\" class=\"attachment-large size-large wp-image-71\" alt=\"\" srcset=\"https:\/\/vittetgolf-academy.com\/wp-content\/uploads\/2024\/10\/balle-golf-1024x1024.jpg 1024w, https:\/\/vittetgolf-academy.com\/wp-content\/uploads\/2024\/10\/balle-golf-300x300.jpg 300w, https:\/\/vittetgolf-academy.com\/wp-content\/uploads\/2024\/10\/balle-golf-768x768.jpg 768w\" sizes=\"(max-width: 800px) 100vw, 800px\" \/>\t\t\t\t\t\t\t\t\t\t\t\t\t<\/div>\n\t\t\t\t<\/div>\n\t\t\t\t<\/div>\n\t\t<div class=\"elementor-element elementor-element-3b6f5af4 e-con-full e-flex e-con e-child\" data-id=\"3b6f5af4\" data-element_type=\"container\">\n\t\t\t\t<div class=\"elementor-element elementor-element-699f0ce0 elementor-widget elementor-widget-heading\" data-id=\"699f0ce0\" data-element_type=\"widget\" data-widget_type=\"heading.default\">\n\t\t\t\t<div class=\"elementor-widget-container\">\n\t\t\t<h2 class=\"elementor-heading-title elementor-size-default\">Lauro Golf<\/h2>\t\t<\/div>\n\t\t\t\t<\/div>\n\t\t\t\t<\/div>\n\t\t\t\t\t<\/div>\n\t\t\t\t<\/div>\n\t\t<div class=\"elementor-element elementor-element-da31028 e-flex e-con-boxed e-con e-parent\" data-id=\"da31028\" data-element_type=\"container\">\n\t\t\t\t\t<div class=\"e-con-inner\">\n\t\t<div class=\"elementor-element elementor-element-3ad1521 e-con-full e-flex e-con e-child\" data-id=\"3ad1521\" data-element_type=\"container\">\n\t\t\t\t<div class=\"elementor-element elementor-element-d249f06 elementor-widget elementor-widget-image\" data-id=\"d249f06\" data-element_type=\"widget\" data-widget_type=\"image.default\">\n\t\t\t\t<div class=\"elementor-widget-container\">\n\t\t\t\t\t\t\t\t\t\t\t\t\t<img decoding=\"async\" width=\"800\" height=\"534\" src=\"https:\/\/vittetgolf-academy.com\/wp-content\/uploads\/2024\/10\/laurogolf1-1024x683.jpg\" class=\"attachment-large size-large wp-image-77\" alt=\"\" srcset=\"https:\/\/vittetgolf-academy.com\/wp-content\/uploads\/2024\/10\/laurogolf1-1024x683.jpg 1024w, https:\/\/vittetgolf-academy.com\/wp-content\/uploads\/2024\/10\/laurogolf1-300x200.jpg 300w, https:\/\/vittetgolf-academy.com\/wp-content\/uploads\/2024\/10\/laurogolf1-768x512.jpg 768w, https:\/\/vittetgolf-academy.com\/wp-content\/uploads\/2024\/10\/laurogolf1-1536x1024.jpg 1536w, https:\/\/vittetgolf-academy.com\/wp-content\/uploads\/2024\/10\/laurogolf1.jpg 1920w\" sizes=\"(max-width: 800px) 100vw, 800px\" \/>\t\t\t\t\t\t\t\t\t\t\t\t\t<\/div>\n\t\t\t\t<\/div>\n\t\t\t\t<\/div>\n\t\t<div class=\"elementor-element elementor-element-a5ca729 e-con-full e-flex e-con e-child\" data-id=\"a5ca729\" data-element_type=\"container\">\n\t\t\t\t<div class=\"elementor-element elementor-element-33e3468 elementor-widget elementor-widget-text-editor\" data-id=\"33e3468\" data-element_type=\"widget\" data-widget_type=\"text-editor.default\">\n\t\t\t\t<div class=\"elementor-widget-container\">\n\t\t\t\t\t\t\t<p>Le Lauro Golf est un fabuleux parcours de golf situ\u00e9 en Andalousie, \u00e0 25 mn de l\u2019a\u00e9roport de Malaga, o\u00f9 vous serez immerg\u00e9 dans la nature, entour\u00e9 de petits villages andalou typiques, id\u00e9al pour un s\u00e9jour golfique alliant la passion du golf et de la bonne cuisine.<\/p>\n<p>Je peux vous organiser des s\u00e9jours golfiques, location d\u2019un duplex de 120 m2 sur le golf avec deux chambres et salle de bain priv\u00e9e, cuisine \u00e9quip\u00e9e, salon, 4 terrasses.<\/p>\n<p>Pour plus de renseignement et tarif n\u2019h\u00e9sitez pas \u00e0 me contacter.<\/p>\t\t\t\t\t\t<\/div>\n\t\t\t\t<\/div>\n\t\t\t\t<\/div>\n\t\t\t\t\t<\/div>\n\t\t\t\t<\/div>\n\t\t\t\t<\/div>\n\t\t","protected":false},"excerpt":{"rendered":"<p>Lauro Golf Le Lauro Golf est un fabuleux parcours de golf situ\u00e9 en Andalousie, \u00e0 25 mn de l\u2019a\u00e9roport de Malaga, o\u00f9 vous serez immerg\u00e9 dans la nature, entour\u00e9 de petits villages andalou typiques, id\u00e9al pour un s\u00e9jour golfique alliant la passion du golf et de la bonne cuisine. Je peux vous organiser des s\u00e9jours [&hellip;]<\/p>\n","protected":false},"author":1,"featured_media":0,"parent":0,"menu_order":0,"comment_status":"closed","ping_status":"closed","template":"","meta":{"footnotes":""},"class_list":["post-332","page","type-page","status-publish","hentry"],"yoast_head":"<!-- This site is optimized with the Yoast SEO plugin v24.0 - https:\/\/yoast.com\/wordpress\/plugins\/seo\/ -->\n<title>Lauro Golf - Vittet Golf Academy<\/title>\n<meta name=\"robots\" content=\"index, follow, max-snippet:-1, max-image-preview:large, max-video-preview:-1\" \/>\n<link rel=\"canonical\" href=\"https:\/\/vittetgolf-academy.com\/fr\/lauro-golf\/\" \/>\n<meta property=\"og:locale\" content=\"fr_FR\" \/>\n<meta property=\"og:type\" content=\"article\" \/>\n<meta property=\"og:title\" content=\"Lauro Golf - Vittet Golf Academy\" \/>\n<meta property=\"og:description\" content=\"Lauro Golf Le Lauro Golf est un fabuleux parcours de golf situ\u00e9 en Andalousie, \u00e0 25 mn de l\u2019a\u00e9roport de Malaga, o\u00f9 vous serez immerg\u00e9 dans la nature, entour\u00e9 de petits villages andalou typiques, id\u00e9al pour un s\u00e9jour golfique alliant la passion du golf et de la bonne cuisine. Je peux vous organiser des s\u00e9jours [&hellip;]\" \/>\n<meta property=\"og:url\" content=\"https:\/\/vittetgolf-academy.com\/fr\/lauro-golf\/\" \/>\n<meta property=\"og:site_name\" content=\"Vittet Golf Academy\" \/>\n<meta property=\"article:modified_time\" content=\"2024-12-02T15:48:53+00:00\" \/>\n<meta property=\"og:image\" content=\"https:\/\/vittetgolf-academy.com\/wp-content\/uploads\/2024\/10\/balle-golf.jpg\" \/>\n\t<meta property=\"og:image:width\" content=\"8000\" \/>\n\t<meta property=\"og:image:height\" content=\"8000\" \/>\n\t<meta property=\"og:image:type\" content=\"image\/jpeg\" \/>\n<meta name=\"twitter:card\" content=\"summary_large_image\" \/>\n<meta name=\"twitter:label1\" content=\"Dur\u00e9e de lecture estim\u00e9e\" \/>\n\t<meta name=\"twitter:data1\" content=\"1 minute\" \/>\n<script type=\"application\/ld+json\" class=\"yoast-schema-graph\">{\"@context\":\"https:\/\/schema.org\",\"@graph\":[{\"@type\":\"WebPage\",\"@id\":\"https:\/\/vittetgolf-academy.com\/lauro-golf\/\",\"url\":\"https:\/\/vittetgolf-academy.com\/lauro-golf\/\",\"name\":\"Lauro Golf - Vittet Golf Academy\",\"isPartOf\":{\"@id\":\"https:\/\/vittetgolf-academy.com\/#website\"},\"primaryImageOfPage\":{\"@id\":\"https:\/\/vittetgolf-academy.com\/lauro-golf\/#primaryimage\"},\"image\":{\"@id\":\"https:\/\/vittetgolf-academy.com\/lauro-golf\/#primaryimage\"},\"thumbnailUrl\":\"https:\/\/vittetgolf-academy.com\/wp-content\/uploads\/2024\/10\/balle-golf-1024x1024.jpg\",\"datePublished\":\"2024-12-02T15:47:09+00:00\",\"dateModified\":\"2024-12-02T15:48:53+00:00\",\"breadcrumb\":{\"@id\":\"https:\/\/vittetgolf-academy.com\/lauro-golf\/#breadcrumb\"},\"inLanguage\":\"fr-FR\",\"potentialAction\":[{\"@type\":\"ReadAction\",\"target\":[\"https:\/\/vittetgolf-academy.com\/lauro-golf\/\"]}]},{\"@type\":\"ImageObject\",\"inLanguage\":\"fr-FR\",\"@id\":\"https:\/\/vittetgolf-academy.com\/lauro-golf\/#primaryimage\",\"url\":\"https:\/\/vittetgolf-academy.com\/wp-content\/uploads\/2024\/10\/balle-golf-1024x1024.jpg\",\"contentUrl\":\"https:\/\/vittetgolf-academy.com\/wp-content\/uploads\/2024\/10\/balle-golf-1024x1024.jpg\"},{\"@type\":\"BreadcrumbList\",\"@id\":\"https:\/\/vittetgolf-academy.com\/lauro-golf\/#breadcrumb\",\"itemListElement\":[{\"@type\":\"ListItem\",\"position\":1,\"name\":\"Accueil\",\"item\":\"https:\/\/vittetgolf-academy.com\/\"},{\"@type\":\"ListItem\",\"position\":2,\"name\":\"Lauro Golf\"}]},{\"@type\":\"WebSite\",\"@id\":\"https:\/\/vittetgolf-academy.com\/#website\",\"url\":\"https:\/\/vittetgolf-academy.com\/\",\"name\":\"Vittet Golf Academy\",\"description\":\"Cours et stages de golf\",\"publisher\":{\"@id\":\"https:\/\/vittetgolf-academy.com\/#organization\"},\"potentialAction\":[{\"@type\":\"SearchAction\",\"target\":{\"@type\":\"EntryPoint\",\"urlTemplate\":\"https:\/\/vittetgolf-academy.com\/?s={search_term_string}\"},\"query-input\":{\"@type\":\"PropertyValueSpecification\",\"valueRequired\":true,\"valueName\":\"search_term_string\"}}],\"inLanguage\":\"fr-FR\"},{\"@type\":\"Organization\",\"@id\":\"https:\/\/vittetgolf-academy.com\/#organization\",\"name\":\"Vittet Golf Academy\",\"url\":\"https:\/\/vittetgolf-academy.com\/\",\"logo\":{\"@type\":\"ImageObject\",\"inLanguage\":\"fr-FR\",\"@id\":\"https:\/\/vittetgolf-academy.com\/#\/schema\/logo\/image\/\",\"url\":\"https:\/\/vittetgolf-academy.com\/wp-content\/uploads\/2024\/10\/logo4.png\",\"contentUrl\":\"https:\/\/vittetgolf-academy.com\/wp-content\/uploads\/2024\/10\/logo4.png\",\"width\":2000,\"height\":513,\"caption\":\"Vittet Golf  Academy\"},\"image\":{\"@id\":\"https:\/\/vittetgolf-academy.com\/#\/schema\/logo\/image\/\"}}]}<\/script>\n<!-- \/ Yoast SEO plugin. -->","yoast_head_json":{"title":"Lauro Golf - Vittet Golf Academy","robots":{"index":"index","follow":"follow","max-snippet":"max-snippet:-1","max-image-preview":"max-image-preview:large","max-video-preview":"max-video-preview:-1"},"canonical":"https:\/\/vittetgolf-academy.com\/fr\/lauro-golf\/","og_locale":"fr_FR","og_type":"article","og_title":"Lauro Golf - Vittet Golf Academy","og_description":"Lauro Golf Le Lauro Golf est un fabuleux parcours de golf situ\u00e9 en Andalousie, \u00e0 25 mn de l\u2019a\u00e9roport de Malaga, o\u00f9 vous serez immerg\u00e9 dans la nature, entour\u00e9 de petits villages andalou typiques, id\u00e9al pour un s\u00e9jour golfique alliant la passion du golf et de la bonne cuisine. Je peux vous organiser des s\u00e9jours [&hellip;]","og_url":"https:\/\/vittetgolf-academy.com\/fr\/lauro-golf\/","og_site_name":"Vittet Golf Academy","article_modified_time":"2024-12-02T15:48:53+00:00","og_image":[{"width":8000,"height":8000,"url":"https:\/\/vittetgolf-academy.com\/wp-content\/uploads\/2024\/10\/balle-golf.jpg","type":"image\/jpeg"}],"twitter_card":"summary_large_image","twitter_misc":{"Dur\u00e9e de lecture estim\u00e9e":"1 minute"},"schema":{"@context":"https:\/\/schema.org","@graph":[{"@type":"WebPage","@id":"https:\/\/vittetgolf-academy.com\/lauro-golf\/","url":"https:\/\/vittetgolf-academy.com\/lauro-golf\/","name":"Lauro Golf - Vittet Golf Academy","isPartOf":{"@id":"https:\/\/vittetgolf-academy.com\/#website"},"primaryImageOfPage":{"@id":"https:\/\/vittetgolf-academy.com\/lauro-golf\/#primaryimage"},"image":{"@id":"https:\/\/vittetgolf-academy.com\/lauro-golf\/#primaryimage"},"thumbnailUrl":"https:\/\/vittetgolf-academy.com\/wp-content\/uploads\/2024\/10\/balle-golf-1024x1024.jpg","datePublished":"2024-12-02T15:47:09+00:00","dateModified":"2024-12-02T15:48:53+00:00","breadcrumb":{"@id":"https:\/\/vittetgolf-academy.com\/lauro-golf\/#breadcrumb"},"inLanguage":"fr-FR","potentialAction":[{"@type":"ReadAction","target":["https:\/\/vittetgolf-academy.com\/lauro-golf\/"]}]},{"@type":"ImageObject","inLanguage":"fr-FR","@id":"https:\/\/vittetgolf-academy.com\/lauro-golf\/#primaryimage","url":"https:\/\/vittetgolf-academy.com\/wp-content\/uploads\/2024\/10\/balle-golf-1024x1024.jpg","contentUrl":"https:\/\/vittetgolf-academy.com\/wp-content\/uploads\/2024\/10\/balle-golf-1024x1024.jpg"},{"@type":"BreadcrumbList","@id":"https:\/\/vittetgolf-academy.com\/lauro-golf\/#breadcrumb","itemListElement":[{"@type":"ListItem","position":1,"name":"Accueil","item":"https:\/\/vittetgolf-academy.com\/"},{"@type":"ListItem","position":2,"name":"Lauro Golf"}]},{"@type":"WebSite","@id":"https:\/\/vittetgolf-academy.com\/#website","url":"https:\/\/vittetgolf-academy.com\/","name":"Vittet Golf Academy","description":"Cours et stages de golf","publisher":{"@id":"https:\/\/vittetgolf-academy.com\/#organization"},"potentialAction":[{"@type":"SearchAction","target":{"@type":"EntryPoint","urlTemplate":"https:\/\/vittetgolf-academy.com\/?s={search_term_string}"},"query-input":{"@type":"PropertyValueSpecification","valueRequired":true,"valueName":"search_term_string"}}],"inLanguage":"fr-FR"},{"@type":"Organization","@id":"https:\/\/vittetgolf-academy.com\/#organization","name":"Vittet Golf Academy","url":"https:\/\/vittetgolf-academy.com\/","logo":{"@type":"ImageObject","inLanguage":"fr-FR","@id":"https:\/\/vittetgolf-academy.com\/#\/schema\/logo\/image\/","url":"https:\/\/vittetgolf-academy.com\/wp-content\/uploads\/2024\/10\/logo4.png","contentUrl":"https:\/\/vittetgolf-academy.com\/wp-content\/uploads\/2024\/10\/logo4.png","width":2000,"height":513,"caption":"Vittet Golf  Academy"},"image":{"@id":"https:\/\/vittetgolf-academy.com\/#\/schema\/logo\/image\/"}}]}},"_links":{"self":[{"href":"https:\/\/vittetgolf-academy.com\/fr\/wp-json\/wp\/v2\/pages\/332","targetHints":{"allow":["GET"]}}],"collection":[{"href":"https:\/\/vittetgolf-academy.com\/fr\/wp-json\/wp\/v2\/pages"}],"about":[{"href":"https:\/\/vittetgolf-academy.com\/fr\/wp-json\/wp\/v2\/types\/page"}],"author":[{"embeddable":true,"href":"https:\/\/vittetgolf-academy.com\/fr\/wp-json\/wp\/v2\/users\/1"}],"replies":[{"embeddable":true,"href":"https:\/\/vittetgolf-academy.com\/fr\/wp-json\/wp\/v2\/comments?post=332"}],"version-history":[{"count":8,"href":"https:\/\/vittetgolf-academy.com\/fr\/wp-json\/wp\/v2\/pages\/332\/revisions"}],"predecessor-version":[{"id":340,"href":"https:\/\/vittetgolf-academy.com\/fr\/wp-json\/wp\/v2\/pages\/332\/revisions\/340"}],"wp:attachment":[{"href":"https:\/\/vittetgolf-academy.com\/fr\/wp-json\/wp\/v2\/media?parent=332"}],"curies":[{"name":"wp","href":"https:\/\/api.w.org\/{rel}","templated":true}]}}