{"id":28,"date":"2024-10-17T15:30:50","date_gmt":"2024-10-17T13:30:50","guid":{"rendered":"https:\/\/vittetgolf-academy.com\/?page_id=28"},"modified":"2025-05-20T11:53:17","modified_gmt":"2025-05-20T09:53:17","slug":"les-golfs","status":"publish","type":"page","link":"https:\/\/vittetgolf-academy.com\/fr\/les-golfs\/","title":{"rendered":"Stages \u00e0 l&rsquo;\u00e9tranger"},"content":{"rendered":"\t\t<div data-elementor-type=\"wp-page\" data-elementor-id=\"28\" class=\"elementor elementor-28\" data-elementor-post-type=\"page\">\n\t\t\t\t<div class=\"elementor-element elementor-element-74c6f6ef e-flex e-con-boxed e-con e-parent\" data-id=\"74c6f6ef\" data-element_type=\"container\">\n\t\t\t\t\t<div class=\"e-con-inner\">\n\t\t<div class=\"elementor-element elementor-element-743a3bb7 e-con-full e-flex e-con e-child\" data-id=\"743a3bb7\" data-element_type=\"container\">\n\t\t\t\t<div class=\"elementor-element elementor-element-36230fbc elementor-widget elementor-widget-image\" data-id=\"36230fbc\" data-element_type=\"widget\" data-widget_type=\"image.default\">\n\t\t\t\t<div class=\"elementor-widget-container\">\n\t\t\t\t\t\t\t\t\t\t\t\t\t<img fetchpriority=\"high\" decoding=\"async\" width=\"800\" height=\"800\" src=\"https:\/\/vittetgolf-academy.com\/wp-content\/uploads\/2024\/10\/balle-golf-1024x1024.jpg\" class=\"attachment-large size-large wp-image-71\" alt=\"\" srcset=\"https:\/\/vittetgolf-academy.com\/wp-content\/uploads\/2024\/10\/balle-golf-1024x1024.jpg 1024w, https:\/\/vittetgolf-academy.com\/wp-content\/uploads\/2024\/10\/balle-golf-300x300.jpg 300w, https:\/\/vittetgolf-academy.com\/wp-content\/uploads\/2024\/10\/balle-golf-768x768.jpg 768w\" sizes=\"(max-width: 800px) 100vw, 800px\" \/>\t\t\t\t\t\t\t\t\t\t\t\t\t<\/div>\n\t\t\t\t<\/div>\n\t\t\t\t<\/div>\n\t\t<div class=\"elementor-element elementor-element-4aab1b00 e-con-full e-flex e-con e-child\" data-id=\"4aab1b00\" data-element_type=\"container\">\n\t\t\t\t<div class=\"elementor-element elementor-element-815b605 elementor-widget elementor-widget-heading\" data-id=\"815b605\" data-element_type=\"widget\" data-widget_type=\"heading.default\">\n\t\t\t\t<div class=\"elementor-widget-container\">\n\t\t\t<h2 class=\"elementor-heading-title elementor-size-default\">Stages \u00e0 l'\u00e9tranger<\/h2>\t\t<\/div>\n\t\t\t\t<\/div>\n\t\t\t\t<\/div>\n\t\t\t\t\t<\/div>\n\t\t\t\t<\/div>\n\t\t<div class=\"elementor-element elementor-element-15b1dd9 e-flex e-con-boxed e-con e-parent\" data-id=\"15b1dd9\" data-element_type=\"container\">\n\t\t\t\t\t<div class=\"e-con-inner\">\n\t\t<div class=\"elementor-element elementor-element-c73124f e-con-full e-flex e-con e-child\" data-id=\"c73124f\" data-element_type=\"container\" data-settings=\"{&quot;background_background&quot;:&quot;classic&quot;}\">\n\t\t\t\t<div class=\"elementor-element elementor-element-c38c3db elementor-widget elementor-widget-text-editor\" data-id=\"c38c3db\" data-element_type=\"widget\" data-widget_type=\"text-editor.default\">\n\t\t\t\t<div class=\"elementor-widget-container\">\n\t\t\t\t\t\t\t<p>Je vous propose des stages de golfs en d\u00e9but et fin de\u00a0 saison pour garder le contact avec la balle tout au long de l&rsquo;ann\u00e9e.<\/p>\t\t\t\t\t\t<\/div>\n\t\t\t\t<\/div>\n\t\t\t\t<\/div>\n\t\t\t\t\t<\/div>\n\t\t\t\t<\/div>\n\t\t<div class=\"elementor-element elementor-element-67a7d9d e-flex e-con-boxed e-con e-parent\" data-id=\"67a7d9d\" data-element_type=\"container\">\n\t\t\t\t\t<div class=\"e-con-inner\">\n\t\t<div class=\"elementor-element elementor-element-62ec983 e-con-full e-flex e-con e-child\" data-id=\"62ec983\" data-element_type=\"container\" data-settings=\"{&quot;background_background&quot;:&quot;classic&quot;}\">\n\t\t<div class=\"elementor-element elementor-element-fd5a61f e-con-full e-flex e-con e-child\" data-id=\"fd5a61f\" data-element_type=\"container\">\n\t\t\t\t<div class=\"elementor-element elementor-element-4cb51fa elementor-widget__width-initial elementor-widget elementor-widget-image\" data-id=\"4cb51fa\" data-element_type=\"widget\" data-widget_type=\"image.default\">\n\t\t\t\t<div class=\"elementor-widget-container\">\n\t\t\t\t\t\t\t\t\t\t\t\t\t<img decoding=\"async\" width=\"512\" height=\"536\" src=\"https:\/\/vittetgolf-academy.com\/wp-content\/uploads\/2024\/10\/icon-2clubs.png\" class=\"attachment-large size-large wp-image-188\" alt=\"\" srcset=\"https:\/\/vittetgolf-academy.com\/wp-content\/uploads\/2024\/10\/icon-2clubs.png 512w, https:\/\/vittetgolf-academy.com\/wp-content\/uploads\/2024\/10\/icon-2clubs-287x300.png 287w\" sizes=\"(max-width: 512px) 100vw, 512px\" \/>\t\t\t\t\t\t\t\t\t\t\t\t\t<\/div>\n\t\t\t\t<\/div>\n\t\t\t\t<div class=\"elementor-element elementor-element-d242a2c elementor-widget__width-initial elementor-widget elementor-widget-heading\" data-id=\"d242a2c\" data-element_type=\"widget\" data-widget_type=\"heading.default\">\n\t\t\t\t<div class=\"elementor-widget-container\">\n\t\t\t<h2 class=\"elementor-heading-title elementor-size-default\">Lauro golf (Malaga)<\/h2>\t\t<\/div>\n\t\t\t\t<\/div>\n\t\t\t\t<\/div>\n\t\t\t\t<\/div>\n\t\t\t\t\t<\/div>\n\t\t\t\t<\/div>\n\t\t<div class=\"elementor-element elementor-element-eac0483 e-flex e-con-boxed e-con e-parent\" data-id=\"eac0483\" data-element_type=\"container\">\n\t\t\t\t\t<div class=\"e-con-inner\">\n\t\t<div class=\"elementor-element elementor-element-ac048c7 e-con-full e-flex e-con e-child\" data-id=\"ac048c7\" data-element_type=\"container\" data-settings=\"{&quot;background_background&quot;:&quot;classic&quot;}\">\n\t\t\t\t<div class=\"elementor-element elementor-element-bf70bdf elementor-widget elementor-widget-image\" data-id=\"bf70bdf\" data-element_type=\"widget\" data-widget_type=\"image.default\">\n\t\t\t\t<div class=\"elementor-widget-container\">\n\t\t\t\t\t\t\t\t\t\t\t\t\t<img decoding=\"async\" width=\"800\" height=\"534\" src=\"https:\/\/vittetgolf-academy.com\/wp-content\/uploads\/2024\/10\/laurogolf1-1024x683.jpg\" class=\"attachment-large size-large wp-image-77\" alt=\"\" srcset=\"https:\/\/vittetgolf-academy.com\/wp-content\/uploads\/2024\/10\/laurogolf1-1024x683.jpg 1024w, https:\/\/vittetgolf-academy.com\/wp-content\/uploads\/2024\/10\/laurogolf1-300x200.jpg 300w, https:\/\/vittetgolf-academy.com\/wp-content\/uploads\/2024\/10\/laurogolf1-768x512.jpg 768w, https:\/\/vittetgolf-academy.com\/wp-content\/uploads\/2024\/10\/laurogolf1-1536x1024.jpg 1536w, https:\/\/vittetgolf-academy.com\/wp-content\/uploads\/2024\/10\/laurogolf1.jpg 1920w\" sizes=\"(max-width: 800px) 100vw, 800px\" \/>\t\t\t\t\t\t\t\t\t\t\t\t\t<\/div>\n\t\t\t\t<\/div>\n\t\t\t\t<\/div>\n\t\t<div class=\"elementor-element elementor-element-52098c8 e-con-full e-flex e-con e-child\" data-id=\"52098c8\" data-element_type=\"container\">\n\t\t\t\t<div class=\"elementor-element elementor-element-c8f86e4 elementor-widget elementor-widget-text-editor\" data-id=\"c8f86e4\" data-element_type=\"widget\" data-widget_type=\"text-editor.default\">\n\t\t\t\t<div class=\"elementor-widget-container\">\n\t\t\t\t\t\t\t<p>Le Lauro Golf est un fabuleux parcours de golf situ\u00e9 en Andalousie, \u00e0 25 mn de l\u2019a\u00e9roport de Malaga, o\u00f9 vous serez immerg\u00e9 dans la nature, entour\u00e9 de petits villages andalou typiques, id\u00e9al pour un s\u00e9jour golfique alliant la passion du golf et de la bonne cuisine.<\/p>\n<p>Je peux vous organiser des s\u00e9jours golfiques, location d\u2019un duplex de 120 m2 sur le golf avec deux chambres et salle de bain priv\u00e9e, cuisine \u00e9quip\u00e9e, salon, 4 terrasses.<\/p>\n<p>Pour plus de renseignement et tarif n\u2019h\u00e9sitez pas \u00e0 me contacter.<\/p>\t\t\t\t\t\t<\/div>\n\t\t\t\t<\/div>\n\t\t\t\t<\/div>\n\t\t\t\t\t<\/div>\n\t\t\t\t<\/div>\n\t\t<div class=\"elementor-element elementor-element-80ddd81 e-flex e-con-boxed e-con e-parent\" data-id=\"80ddd81\" data-element_type=\"container\">\n\t\t\t\t\t<div class=\"e-con-inner\">\n\t\t<div class=\"elementor-element elementor-element-04b4d7b e-con-full e-flex e-con e-child\" data-id=\"04b4d7b\" data-element_type=\"container\">\n\t\t<div class=\"elementor-element elementor-element-4f51f19 e-con-full e-flex e-con e-child\" data-id=\"4f51f19\" data-element_type=\"container\">\n\t\t\t\t<div class=\"elementor-element elementor-element-e9ad114 elementor-widget__width-initial elementor-widget elementor-widget-image\" data-id=\"e9ad114\" data-element_type=\"widget\" data-widget_type=\"image.default\">\n\t\t\t\t<div class=\"elementor-widget-container\">\n\t\t\t\t\t\t\t\t\t\t\t\t\t<img decoding=\"async\" width=\"512\" height=\"536\" src=\"https:\/\/vittetgolf-academy.com\/wp-content\/uploads\/2024\/10\/icon-2clubs.png\" class=\"attachment-large size-large wp-image-188\" alt=\"\" srcset=\"https:\/\/vittetgolf-academy.com\/wp-content\/uploads\/2024\/10\/icon-2clubs.png 512w, https:\/\/vittetgolf-academy.com\/wp-content\/uploads\/2024\/10\/icon-2clubs-287x300.png 287w\" sizes=\"(max-width: 512px) 100vw, 512px\" \/>\t\t\t\t\t\t\t\t\t\t\t\t\t<\/div>\n\t\t\t\t<\/div>\n\t\t\t\t<div class=\"elementor-element elementor-element-e7c15a8 elementor-widget__width-initial elementor-widget elementor-widget-heading\" data-id=\"e7c15a8\" data-element_type=\"widget\" data-widget_type=\"heading.default\">\n\t\t\t\t<div class=\"elementor-widget-container\">\n\t\t\t<h2 class=\"elementor-heading-title elementor-size-default\">Organisation de stages<\/h2>\t\t<\/div>\n\t\t\t\t<\/div>\n\t\t\t\t<\/div>\n\t\t\t\t<div class=\"elementor-element elementor-element-2ce4ee4 elementor-widget elementor-widget-text-editor\" data-id=\"2ce4ee4\" data-element_type=\"widget\" data-widget_type=\"text-editor.default\">\n\t\t\t\t<div class=\"elementor-widget-container\">\n\t\t\t\t\t\t\t<p>N&rsquo;h\u00e9sitez pas \u00e0 me contacter pour concr\u00e9tiser votre projet.<\/p>\t\t\t\t\t\t<\/div>\n\t\t\t\t<\/div>\n\t\t\t\t<\/div>\n\t\t\t\t\t<\/div>\n\t\t\t\t<\/div>\n\t\t\t\t<\/div>\n\t\t","protected":false},"excerpt":{"rendered":"<p>Stages \u00e0 l&rsquo;\u00e9tranger Je vous propose des stages de golfs en d\u00e9but et fin de\u00a0 saison pour garder le contact avec la balle tout au long de l&rsquo;ann\u00e9e. Lauro golf (Malaga) Le Lauro Golf est un fabuleux parcours de golf situ\u00e9 en Andalousie, \u00e0 25 mn de l\u2019a\u00e9roport de Malaga, o\u00f9 vous serez immerg\u00e9 dans [&hellip;]<\/p>\n","protected":false},"author":1,"featured_media":0,"parent":0,"menu_order":0,"comment_status":"closed","ping_status":"closed","template":"","meta":{"footnotes":""},"class_list":["post-28","page","type-page","status-publish","hentry"],"yoast_head":"<!-- This site is optimized with the Yoast SEO plugin v24.0 - https:\/\/yoast.com\/wordpress\/plugins\/seo\/ -->\n<title>Stages \u00e0 l&#039;\u00e9tranger - Vittet Golf Academy<\/title>\n<meta name=\"robots\" content=\"index, follow, max-snippet:-1, max-image-preview:large, max-video-preview:-1\" \/>\n<link rel=\"canonical\" href=\"https:\/\/vittetgolf-academy.com\/fr\/les-golfs\/\" \/>\n<meta property=\"og:locale\" content=\"fr_FR\" \/>\n<meta property=\"og:type\" content=\"article\" \/>\n<meta property=\"og:title\" content=\"Stages \u00e0 l&#039;\u00e9tranger - Vittet Golf Academy\" \/>\n<meta property=\"og:description\" content=\"Stages \u00e0 l&rsquo;\u00e9tranger Je vous propose des stages de golfs en d\u00e9but et fin de\u00a0 saison pour garder le contact avec la balle tout au long de l&rsquo;ann\u00e9e. Lauro golf (Malaga) Le Lauro Golf est un fabuleux parcours de golf situ\u00e9 en Andalousie, \u00e0 25 mn de l\u2019a\u00e9roport de Malaga, o\u00f9 vous serez immerg\u00e9 dans [&hellip;]\" \/>\n<meta property=\"og:url\" content=\"https:\/\/vittetgolf-academy.com\/fr\/les-golfs\/\" \/>\n<meta property=\"og:site_name\" content=\"Vittet Golf Academy\" \/>\n<meta property=\"article:modified_time\" content=\"2025-05-20T09:53:17+00:00\" \/>\n<meta property=\"og:image\" content=\"https:\/\/vittetgolf-academy.com\/wp-content\/uploads\/2024\/10\/balle-golf.jpg\" \/>\n\t<meta property=\"og:image:width\" content=\"8000\" \/>\n\t<meta property=\"og:image:height\" content=\"8000\" \/>\n\t<meta property=\"og:image:type\" content=\"image\/jpeg\" \/>\n<meta name=\"twitter:card\" content=\"summary_large_image\" \/>\n<meta name=\"twitter:label1\" content=\"Dur\u00e9e de lecture estim\u00e9e\" \/>\n\t<meta name=\"twitter:data1\" content=\"2 minutes\" \/>\n<script type=\"application\/ld+json\" class=\"yoast-schema-graph\">{\"@context\":\"https:\/\/schema.org\",\"@graph\":[{\"@type\":\"WebPage\",\"@id\":\"https:\/\/vittetgolf-academy.com\/les-golfs\/\",\"url\":\"https:\/\/vittetgolf-academy.com\/les-golfs\/\",\"name\":\"Stages \u00e0 l'\u00e9tranger - Vittet Golf Academy\",\"isPartOf\":{\"@id\":\"https:\/\/vittetgolf-academy.com\/#website\"},\"primaryImageOfPage\":{\"@id\":\"https:\/\/vittetgolf-academy.com\/les-golfs\/#primaryimage\"},\"image\":{\"@id\":\"https:\/\/vittetgolf-academy.com\/les-golfs\/#primaryimage\"},\"thumbnailUrl\":\"https:\/\/vittetgolf-academy.com\/wp-content\/uploads\/2024\/10\/balle-golf-1024x1024.jpg\",\"datePublished\":\"2024-10-17T13:30:50+00:00\",\"dateModified\":\"2025-05-20T09:53:17+00:00\",\"breadcrumb\":{\"@id\":\"https:\/\/vittetgolf-academy.com\/les-golfs\/#breadcrumb\"},\"inLanguage\":\"fr-FR\",\"potentialAction\":[{\"@type\":\"ReadAction\",\"target\":[\"https:\/\/vittetgolf-academy.com\/les-golfs\/\"]}]},{\"@type\":\"ImageObject\",\"inLanguage\":\"fr-FR\",\"@id\":\"https:\/\/vittetgolf-academy.com\/les-golfs\/#primaryimage\",\"url\":\"https:\/\/vittetgolf-academy.com\/wp-content\/uploads\/2024\/10\/balle-golf-1024x1024.jpg\",\"contentUrl\":\"https:\/\/vittetgolf-academy.com\/wp-content\/uploads\/2024\/10\/balle-golf-1024x1024.jpg\"},{\"@type\":\"BreadcrumbList\",\"@id\":\"https:\/\/vittetgolf-academy.com\/les-golfs\/#breadcrumb\",\"itemListElement\":[{\"@type\":\"ListItem\",\"position\":1,\"name\":\"Accueil\",\"item\":\"https:\/\/vittetgolf-academy.com\/\"},{\"@type\":\"ListItem\",\"position\":2,\"name\":\"Stages \u00e0 l&rsquo;\u00e9tranger\"}]},{\"@type\":\"WebSite\",\"@id\":\"https:\/\/vittetgolf-academy.com\/#website\",\"url\":\"https:\/\/vittetgolf-academy.com\/\",\"name\":\"Vittet Golf Academy\",\"description\":\"Cours et stages de golf\",\"publisher\":{\"@id\":\"https:\/\/vittetgolf-academy.com\/#organization\"},\"potentialAction\":[{\"@type\":\"SearchAction\",\"target\":{\"@type\":\"EntryPoint\",\"urlTemplate\":\"https:\/\/vittetgolf-academy.com\/?s={search_term_string}\"},\"query-input\":{\"@type\":\"PropertyValueSpecification\",\"valueRequired\":true,\"valueName\":\"search_term_string\"}}],\"inLanguage\":\"fr-FR\"},{\"@type\":\"Organization\",\"@id\":\"https:\/\/vittetgolf-academy.com\/#organization\",\"name\":\"Vittet Golf Academy\",\"url\":\"https:\/\/vittetgolf-academy.com\/\",\"logo\":{\"@type\":\"ImageObject\",\"inLanguage\":\"fr-FR\",\"@id\":\"https:\/\/vittetgolf-academy.com\/#\/schema\/logo\/image\/\",\"url\":\"https:\/\/vittetgolf-academy.com\/wp-content\/uploads\/2024\/10\/logo4.png\",\"contentUrl\":\"https:\/\/vittetgolf-academy.com\/wp-content\/uploads\/2024\/10\/logo4.png\",\"width\":2000,\"height\":513,\"caption\":\"Vittet Golf  Academy\"},\"image\":{\"@id\":\"https:\/\/vittetgolf-academy.com\/#\/schema\/logo\/image\/\"}}]}<\/script>\n<!-- \/ Yoast SEO plugin. -->","yoast_head_json":{"title":"Stages \u00e0 l'\u00e9tranger - Vittet Golf Academy","robots":{"index":"index","follow":"follow","max-snippet":"max-snippet:-1","max-image-preview":"max-image-preview:large","max-video-preview":"max-video-preview:-1"},"canonical":"https:\/\/vittetgolf-academy.com\/fr\/les-golfs\/","og_locale":"fr_FR","og_type":"article","og_title":"Stages \u00e0 l'\u00e9tranger - Vittet Golf Academy","og_description":"Stages \u00e0 l&rsquo;\u00e9tranger Je vous propose des stages de golfs en d\u00e9but et fin de\u00a0 saison pour garder le contact avec la balle tout au long de l&rsquo;ann\u00e9e. Lauro golf (Malaga) Le Lauro Golf est un fabuleux parcours de golf situ\u00e9 en Andalousie, \u00e0 25 mn de l\u2019a\u00e9roport de Malaga, o\u00f9 vous serez immerg\u00e9 dans [&hellip;]","og_url":"https:\/\/vittetgolf-academy.com\/fr\/les-golfs\/","og_site_name":"Vittet Golf Academy","article_modified_time":"2025-05-20T09:53:17+00:00","og_image":[{"width":8000,"height":8000,"url":"https:\/\/vittetgolf-academy.com\/wp-content\/uploads\/2024\/10\/balle-golf.jpg","type":"image\/jpeg"}],"twitter_card":"summary_large_image","twitter_misc":{"Dur\u00e9e de lecture estim\u00e9e":"2 minutes"},"schema":{"@context":"https:\/\/schema.org","@graph":[{"@type":"WebPage","@id":"https:\/\/vittetgolf-academy.com\/les-golfs\/","url":"https:\/\/vittetgolf-academy.com\/les-golfs\/","name":"Stages \u00e0 l'\u00e9tranger - Vittet Golf Academy","isPartOf":{"@id":"https:\/\/vittetgolf-academy.com\/#website"},"primaryImageOfPage":{"@id":"https:\/\/vittetgolf-academy.com\/les-golfs\/#primaryimage"},"image":{"@id":"https:\/\/vittetgolf-academy.com\/les-golfs\/#primaryimage"},"thumbnailUrl":"https:\/\/vittetgolf-academy.com\/wp-content\/uploads\/2024\/10\/balle-golf-1024x1024.jpg","datePublished":"2024-10-17T13:30:50+00:00","dateModified":"2025-05-20T09:53:17+00:00","breadcrumb":{"@id":"https:\/\/vittetgolf-academy.com\/les-golfs\/#breadcrumb"},"inLanguage":"fr-FR","potentialAction":[{"@type":"ReadAction","target":["https:\/\/vittetgolf-academy.com\/les-golfs\/"]}]},{"@type":"ImageObject","inLanguage":"fr-FR","@id":"https:\/\/vittetgolf-academy.com\/les-golfs\/#primaryimage","url":"https:\/\/vittetgolf-academy.com\/wp-content\/uploads\/2024\/10\/balle-golf-1024x1024.jpg","contentUrl":"https:\/\/vittetgolf-academy.com\/wp-content\/uploads\/2024\/10\/balle-golf-1024x1024.jpg"},{"@type":"BreadcrumbList","@id":"https:\/\/vittetgolf-academy.com\/les-golfs\/#breadcrumb","itemListElement":[{"@type":"ListItem","position":1,"name":"Accueil","item":"https:\/\/vittetgolf-academy.com\/"},{"@type":"ListItem","position":2,"name":"Stages \u00e0 l&rsquo;\u00e9tranger"}]},{"@type":"WebSite","@id":"https:\/\/vittetgolf-academy.com\/#website","url":"https:\/\/vittetgolf-academy.com\/","name":"Vittet Golf Academy","description":"Cours et stages de golf","publisher":{"@id":"https:\/\/vittetgolf-academy.com\/#organization"},"potentialAction":[{"@type":"SearchAction","target":{"@type":"EntryPoint","urlTemplate":"https:\/\/vittetgolf-academy.com\/?s={search_term_string}"},"query-input":{"@type":"PropertyValueSpecification","valueRequired":true,"valueName":"search_term_string"}}],"inLanguage":"fr-FR"},{"@type":"Organization","@id":"https:\/\/vittetgolf-academy.com\/#organization","name":"Vittet Golf Academy","url":"https:\/\/vittetgolf-academy.com\/","logo":{"@type":"ImageObject","inLanguage":"fr-FR","@id":"https:\/\/vittetgolf-academy.com\/#\/schema\/logo\/image\/","url":"https:\/\/vittetgolf-academy.com\/wp-content\/uploads\/2024\/10\/logo4.png","contentUrl":"https:\/\/vittetgolf-academy.com\/wp-content\/uploads\/2024\/10\/logo4.png","width":2000,"height":513,"caption":"Vittet Golf  Academy"},"image":{"@id":"https:\/\/vittetgolf-academy.com\/#\/schema\/logo\/image\/"}}]}},"_links":{"self":[{"href":"https:\/\/vittetgolf-academy.com\/fr\/wp-json\/wp\/v2\/pages\/28","targetHints":{"allow":["GET"]}}],"collection":[{"href":"https:\/\/vittetgolf-academy.com\/fr\/wp-json\/wp\/v2\/pages"}],"about":[{"href":"https:\/\/vittetgolf-academy.com\/fr\/wp-json\/wp\/v2\/types\/page"}],"author":[{"embeddable":true,"href":"https:\/\/vittetgolf-academy.com\/fr\/wp-json\/wp\/v2\/users\/1"}],"replies":[{"embeddable":true,"href":"https:\/\/vittetgolf-academy.com\/fr\/wp-json\/wp\/v2\/comments?post=28"}],"version-history":[{"count":30,"href":"https:\/\/vittetgolf-academy.com\/fr\/wp-json\/wp\/v2\/pages\/28\/revisions"}],"predecessor-version":[{"id":547,"href":"https:\/\/vittetgolf-academy.com\/fr\/wp-json\/wp\/v2\/pages\/28\/revisions\/547"}],"wp:attachment":[{"href":"https:\/\/vittetgolf-academy.com\/fr\/wp-json\/wp\/v2\/media?parent=28"}],"curies":[{"name":"wp","href":"https:\/\/api.w.org\/{rel}","templated":true}]}}