{"id":43,"date":"2024-10-17T15:43:52","date_gmt":"2024-10-17T13:43:52","guid":{"rendered":"https:\/\/vittetgolf-academy.com\/?page_id=43"},"modified":"2025-05-22T09:44:07","modified_gmt":"2025-05-22T07:44:07","slug":"accueil","status":"publish","type":"page","link":"https:\/\/vittetgolf-academy.com\/en\/","title":{"rendered":"Home"},"content":{"rendered":"<div data-elementor-type=\"wp-page\" data-elementor-id=\"43\" class=\"elementor elementor-43\" data-elementor-post-type=\"page\">\n\t\t\t\t<div class=\"elementor-element elementor-element-f90398d e-flex e-con-boxed e-con e-parent\" data-id=\"f90398d\" data-element_type=\"container\">\n\t\t\t\t\t<div class=\"e-con-inner\">\n\t\t<div class=\"elementor-element elementor-element-feb889d e-con-full e-flex e-con e-child\" data-id=\"feb889d\" data-element_type=\"container\">\n\t\t\t\t<div class=\"elementor-element elementor-element-8db78b1 elementor-widget elementor-widget-image\" data-id=\"8db78b1\" data-element_type=\"widget\" data-widget_type=\"image.default\">\n\t\t\t\t<div class=\"elementor-widget-container\">\n\t\t\t\t\t\t\t\t\t\t\t\t\t<img fetchpriority=\"high\" decoding=\"async\" width=\"800\" height=\"800\" src=\"https:\/\/vittetgolf-academy.com\/wp-content\/uploads\/2024\/10\/balle-golf-1024x1024.jpg\" class=\"attachment-large size-large wp-image-71\" alt=\"\" srcset=\"https:\/\/vittetgolf-academy.com\/wp-content\/uploads\/2024\/10\/balle-golf-1024x1024.jpg 1024w, https:\/\/vittetgolf-academy.com\/wp-content\/uploads\/2024\/10\/balle-golf-300x300.jpg 300w, https:\/\/vittetgolf-academy.com\/wp-content\/uploads\/2024\/10\/balle-golf-768x768.jpg 768w\" sizes=\"(max-width: 800px) 100vw, 800px\" \/>\t\t\t\t\t\t\t\t\t\t\t\t\t<\/div>\n\t\t\t\t<\/div>\n\t\t\t\t<\/div>\n\t\t<div class=\"elementor-element elementor-element-75b1cc0 e-con-full e-flex e-con e-child\" data-id=\"75b1cc0\" data-element_type=\"container\">\n\t\t\t\t<div class=\"elementor-element elementor-element-11b16dd elementor-widget elementor-widget-heading\" data-id=\"11b16dd\" data-element_type=\"widget\" data-widget_type=\"heading.default\">\n\t\t\t\t<div class=\"elementor-widget-container\">\n\t\t\t<h2 class=\"elementor-heading-title elementor-size-default\">Fr\u00e9d\u00e9ric VITTET<\/h2>\t\t<\/div>\n\t\t\t\t<\/div>\n\t\t\t\t<\/div>\n\t\t\t\t\t<\/div>\n\t\t\t\t<\/div>\n\t\t<div class=\"elementor-element elementor-element-34a9145 e-flex e-con-boxed e-con e-parent\" data-id=\"34a9145\" data-element_type=\"container\">\n\t\t\t\t\t<div class=\"e-con-inner\">\n\t\t<div class=\"elementor-element elementor-element-ff29845 e-con-full e-flex e-con e-child\" data-id=\"ff29845\" data-element_type=\"container\">\n\t\t\t\t<div class=\"elementor-element elementor-element-01298c5 elementor-widget elementor-widget-text-editor\" data-id=\"01298c5\" data-element_type=\"widget\" data-widget_type=\"text-editor.default\">\n\t\t\t\t<div class=\"elementor-widget-container\">\n\t\t\t\t\t\t\t<p>I was lucky enough to discover golf at the age of 14 at the Divonne Golf Club through my uncle, a golf teacher, and I was immediately hooked on the sport. In just a few years, I managed to reach hcp level zero.<\/p>\t\t\t\t\t\t<\/div>\n\t\t\t\t<\/div>\n\t\t<div class=\"elementor-element elementor-element-ef43670 e-con-full e-flex e-con e-child\" data-id=\"ef43670\" data-element_type=\"container\">\n\t\t<div class=\"elementor-element elementor-element-3ef7ac3 e-con-full e-flex e-con e-child\" data-id=\"3ef7ac3\" data-element_type=\"container\">\n\t\t\t\t<div class=\"elementor-element elementor-element-8f84d0b elementor-widget elementor-widget-image\" data-id=\"8f84d0b\" data-element_type=\"widget\" data-widget_type=\"image.default\">\n\t\t\t\t<div class=\"elementor-widget-container\">\n\t\t\t\t\t\t\t\t\t\t\t\t\t<img decoding=\"async\" width=\"512\" height=\"536\" src=\"https:\/\/vittetgolf-academy.com\/wp-content\/uploads\/2024\/10\/icon-2clubs.png\" class=\"attachment-large size-large wp-image-188\" alt=\"\" srcset=\"https:\/\/vittetgolf-academy.com\/wp-content\/uploads\/2024\/10\/icon-2clubs.png 512w, https:\/\/vittetgolf-academy.com\/wp-content\/uploads\/2024\/10\/icon-2clubs-287x300.png 287w\" sizes=\"(max-width: 512px) 100vw, 512px\" \/>\t\t\t\t\t\t\t\t\t\t\t\t\t<\/div>\n\t\t\t\t<\/div>\n\t\t\t\t<\/div>\n\t\t<div class=\"elementor-element elementor-element-4b1cb3f e-con-full e-flex e-con e-child\" data-id=\"4b1cb3f\" data-element_type=\"container\">\n\t\t\t\t<div class=\"elementor-element elementor-element-e5d9b64 elementor-widget elementor-widget-heading\" data-id=\"e5d9b64\" data-element_type=\"widget\" data-widget_type=\"heading.default\">\n\t\t\t\t<div class=\"elementor-widget-container\">\n\t\t\t<h2 class=\"elementor-heading-title elementor-size-default\">Career and awards<\/h2>\t\t<\/div>\n\t\t\t\t<\/div>\n\t\t\t\t<\/div>\n\t\t\t\t<\/div>\n\t\t\t\t<div class=\"elementor-element elementor-element-52b29e2 elementor-widget elementor-widget-text-editor\" data-id=\"52b29e2\" data-element_type=\"widget\" data-widget_type=\"text-editor.default\">\n\t\t\t\t<div class=\"elementor-widget-container\">\n\t\t\t\t\t\t\t<p>At 16, I became vice-champion of the French Cadet Championship, and at 17 I won the prestigious Ganay Cup (qualification for the French Amateur Championship).<\/p><p>In 1993,I joined the P\u00f4le France at the CREPS in Toulouse, and in 1994 I was selected to represent France against Italy, Scotland and Sweden in the Boys Quadrangular at the Golf de Gujan-Mestras. Finally, in 2006, I joined the CREPS Montpellier golf club at La Grande Motte to take my teaching diploma, which I obtained in 2007.<\/p>\t\t\t\t\t\t<\/div>\n\t\t\t\t<\/div>\n\t\t\t\t<\/div>\n\t\t<div class=\"elementor-element elementor-element-da2c222 e-con-full e-flex e-con e-child\" data-id=\"da2c222\" data-element_type=\"container\">\n\t\t\t\t<div class=\"elementor-element elementor-element-0ee28a0 elementor-widget elementor-widget-image\" data-id=\"0ee28a0\" data-element_type=\"widget\" data-widget_type=\"image.default\">\n\t\t\t\t<div class=\"elementor-widget-container\">\n\t\t\t\t\t\t\t\t\t\t\t\t\t<img decoding=\"async\" width=\"512\" height=\"384\" src=\"https:\/\/vittetgolf-academy.com\/wp-content\/uploads\/2025\/05\/fredo_portrait_512px.jpg\" class=\"attachment-large size-large wp-image-559\" alt=\"\" srcset=\"https:\/\/vittetgolf-academy.com\/wp-content\/uploads\/2025\/05\/fredo_portrait_512px.jpg 512w, https:\/\/vittetgolf-academy.com\/wp-content\/uploads\/2025\/05\/fredo_portrait_512px-300x225.jpg 300w, https:\/\/vittetgolf-academy.com\/wp-content\/uploads\/2025\/05\/fredo_portrait_512px-16x12.jpg 16w\" sizes=\"(max-width: 512px) 100vw, 512px\" \/>\t\t\t\t\t\t\t\t\t\t\t\t\t<\/div>\n\t\t\t\t<\/div>\n\t\t\t\t<div class=\"elementor-element elementor-element-146eaae elementor-widget elementor-widget-text-editor\" data-id=\"146eaae\" data-element_type=\"widget\" data-widget_type=\"text-editor.default\">\n\t\t\t\t<div class=\"elementor-widget-container\">\n\t\t\t\t\t\t\t<p style=\"text-align: center;\">FREDERIC VITTET<br \/>born November 12, 1976<br \/>GOLF PROFESSIONAL AND TEACHER<br \/>since 2007<\/p>\t\t\t\t\t\t<\/div>\n\t\t\t\t<\/div>\n\t\t<div class=\"elementor-element elementor-element-83eed14 e-con-full e-flex e-con e-child\" data-id=\"83eed14\" data-element_type=\"container\">\n\t\t\t\t<div class=\"elementor-element elementor-element-56def0e elementor-icon-list--layout-traditional elementor-list-item-link-full_width elementor-widget elementor-widget-icon-list\" data-id=\"56def0e\" data-element_type=\"widget\" data-widget_type=\"icon-list.default\">\n\t\t\t\t<div class=\"elementor-widget-container\">\n\t\t\t\t\t<ul class=\"elementor-icon-list-items\">\n\t\t\t\t\t\t\t<li class=\"elementor-icon-list-item\">\n\t\t\t\t\t\t\t\t\t\t\t<a href=\"mailto:contact@mysite.com\">\n\n\t\t\t\t\t\t\t\t\t\t\t\t<span class=\"elementor-icon-list-icon\">\n\t\t\t\t\t\t\t<svg aria-hidden=\"true\" class=\"e-font-icon-svg e-far-envelope\" viewbox=\"0 0 512 512\" xmlns=\"http:\/\/www.w3.org\/2000\/svg\"><path d=\"M464 64H48C21.49 64 0 85.49 0 112v288c0 26.51 21.49 48 48 48h416c26.51 0 48-21.49 48-48V112c0-26.51-21.49-48-48-48zm0 48v40.805c-22.422 18.259-58.168 46.651-134.587 106.49-16.841 13.247-50.201 45.072-73.413 44.701-23.208.375-56.579-31.459-73.413-44.701C106.18 199.465 70.425 171.067 48 152.805V112h416zM48 400V214.398c22.914 18.251 55.409 43.862 104.938 82.646 21.857 17.205 60.134 55.186 103.062 54.955 42.717.231 80.509-37.199 103.053-54.947 49.528-38.783 82.032-64.401 104.947-82.653V400H48z\"><\/path><\/svg>\t\t\t\t\t\t<\/span>\n\t\t\t\t\t\t\t\t\t\t<span class=\"elementor-icon-list-text\">fred@vittetgolf-academy.com<\/span>\n\t\t\t\t\t\t\t\t\t\t\t<\/a>\n\t\t\t\t\t\t\t\t\t<\/li>\n\t\t\t\t\t\t\t\t<li class=\"elementor-icon-list-item\">\n\t\t\t\t\t\t\t\t\t\t\t<a href=\"tel: 41792545784\">\n\n\t\t\t\t\t\t\t\t\t\t\t\t<span class=\"elementor-icon-list-icon\">\n\t\t\t\t\t\t\t<svg aria-hidden=\"true\" class=\"e-font-icon-svg e-fas-phone\" viewbox=\"0 0 512 512\" xmlns=\"http:\/\/www.w3.org\/2000\/svg\"><path d=\"M493.4 24.6l-104-24c-11.3-2.6-22.9 3.3-27.5 13.9l-48 112c-4.2 9.8-1.4 21.3 6.9 28l60.6 49.6c-36 76.7-98.9 140.5-177.2 177.2l-49.6-60.6c-6.8-8.3-18.2-11.1-28-6.9l-112 48C3.9 366.5-2 378.1.6 389.4l24 104C27.1 504.2 36.7 512 48 512c256.1 0 464-207.5 464-464 0-11.2-7.7-20.9-18.6-23.4z\"><\/path><\/svg>\t\t\t\t\t\t<\/span>\n\t\t\t\t\t\t\t\t\t\t<span class=\"elementor-icon-list-text\">tel:+41 79 254 57 84<\/span>\n\t\t\t\t\t\t\t\t\t\t\t<\/a>\n\t\t\t\t\t\t\t\t\t<\/li>\n\t\t\t\t\t\t<\/ul>\n\t\t\t\t<\/div>\n\t\t\t\t<\/div>\n\t\t\t\t<\/div>\n\t\t\t\t<\/div>\n\t\t\t\t\t<\/div>\n\t\t\t\t<\/div>\n\t\t<div class=\"elementor-element elementor-element-82a229d e-flex e-con-boxed e-con e-parent\" data-id=\"82a229d\" data-element_type=\"container\">\n\t\t\t\t\t<div class=\"e-con-inner\">\n\t\t\t\t<div class=\"elementor-element elementor-element-948e929 elementor-widget elementor-widget-text-editor\" data-id=\"948e929\" data-element_type=\"widget\" data-widget_type=\"text-editor.default\">\n\t\t\t\t<div class=\"elementor-widget-container\">\n\t\t\t\t\t\t\t<p>With all my years of experience in top-level golf, I can offer you quality teaching to help you learn, improve and prepare for the top level.<br \/>I build on solid foundations and adapt my teaching to each individual's morphology. I use video analysis and the modern Trackman 4 tool to give you a precise analysis of your putting, short game and swing.<\/p>\t\t\t\t\t\t<\/div>\n\t\t\t\t<\/div>\n\t\t\t\t\t<\/div>\n\t\t\t\t<\/div>\n\t\t<div class=\"elementor-element elementor-element-9161edc e-flex e-con-boxed e-con e-parent\" data-id=\"9161edc\" data-element_type=\"container\">\n\t\t\t\t\t<div class=\"e-con-inner\">\n\t\t<div class=\"elementor-element elementor-element-87866a3 e-con-full e-flex e-con e-child\" data-id=\"87866a3\" data-element_type=\"container\">\n\t\t<div class=\"elementor-element elementor-element-076ea71 e-con-full e-flex e-con e-child\" data-id=\"076ea71\" data-element_type=\"container\">\n\t\t<div class=\"elementor-element elementor-element-ad848e5 e-con-full e-flex e-con e-child\" data-id=\"ad848e5\" data-element_type=\"container\">\n\t\t\t\t<div class=\"elementor-element elementor-element-c07b92d elementor-widget__width-initial elementor-widget elementor-widget-image\" data-id=\"c07b92d\" data-element_type=\"widget\" data-widget_type=\"image.default\">\n\t\t\t\t<div class=\"elementor-widget-container\">\n\t\t\t\t\t\t\t\t\t\t\t\t\t<img decoding=\"async\" width=\"512\" height=\"536\" src=\"https:\/\/vittetgolf-academy.com\/wp-content\/uploads\/2024\/10\/icon-2clubs.png\" class=\"attachment-large size-large wp-image-188\" alt=\"\" srcset=\"https:\/\/vittetgolf-academy.com\/wp-content\/uploads\/2024\/10\/icon-2clubs.png 512w, https:\/\/vittetgolf-academy.com\/wp-content\/uploads\/2024\/10\/icon-2clubs-287x300.png 287w\" sizes=\"(max-width: 512px) 100vw, 512px\" \/>\t\t\t\t\t\t\t\t\t\t\t\t\t<\/div>\n\t\t\t\t<\/div>\n\t\t\t\t<div class=\"elementor-element elementor-element-887aa5c elementor-widget__width-initial elementor-widget elementor-widget-heading\" data-id=\"887aa5c\" data-element_type=\"widget\" data-widget_type=\"heading.default\">\n\t\t\t\t<div class=\"elementor-widget-container\">\n\t\t\t<h2 class=\"elementor-heading-title elementor-size-default\">Vittet Golf Academy<\/h2>\t\t<\/div>\n\t\t\t\t<\/div>\n\t\t\t\t<\/div>\n\t\t\t\t<div class=\"elementor-element elementor-element-bfece9e elementor-widget elementor-widget-video\" data-id=\"bfece9e\" data-element_type=\"widget\" data-settings=\"{&quot;youtube_url&quot;:&quot;https:\\\/\\\/youtu.be\\\/IZBd-O-eV1c&quot;,&quot;video_type&quot;:&quot;youtube&quot;,&quot;controls&quot;:&quot;yes&quot;}\" data-widget_type=\"video.default\">\n\t\t\t\t<div class=\"elementor-widget-container\">\n\t\t\t\t\t<div class=\"elementor-wrapper elementor-open-inline\">\n\t\t\t<div class=\"elementor-video\"><\/div>\t\t<\/div>\n\t\t\t\t<\/div>\n\t\t\t\t<\/div>\n\t\t\t\t<\/div>\n\t\t\t\t<\/div>\n\t\t<div class=\"elementor-element elementor-element-7d580db e-con-full e-flex e-con e-child\" data-id=\"7d580db\" data-element_type=\"container\">\n\t\t\t\t<\/div>\n\t\t\t\t\t<\/div>\n\t\t\t\t<\/div>\n\t\t\t\t<\/div>","protected":false},"excerpt":{"rendered":"<p>Fr\u00e9d\u00e9ric VITTET J\u2019ai eu la chance de d\u00e9couvrir le golf \u00e0 l\u2019\u00e2ge de 14 ans au golf de Divonne par l\u2019interm\u00e9diaire de mon oncle, professeur de golf et j\u2019ai tout de suite \u00e9t\u00e9 passionn\u00e9 par ce sport. Tr\u00e8s vite, en quelques ann\u00e9es, j\u2019ai r\u00e9ussi \u00e0 atteindre le niveau hcp z\u00e9ro. Parcours et palmar\u00e8s A 16 [&hellip;]<\/p>","protected":false},"author":1,"featured_media":0,"parent":0,"menu_order":0,"comment_status":"closed","ping_status":"closed","template":"","meta":{"footnotes":""},"class_list":["post-43","page","type-page","status-publish","hentry"],"yoast_head":"<!-- This site is optimized with the Yoast SEO plugin v24.0 - https:\/\/yoast.com\/wordpress\/plugins\/seo\/ -->\n<title>Accueil - Vittet Golf Academy<\/title>\n<meta name=\"robots\" content=\"index, follow, max-snippet:-1, max-image-preview:large, max-video-preview:-1\" \/>\n<link rel=\"canonical\" href=\"https:\/\/vittetgolf-academy.com\/en\/\" \/>\n<meta property=\"og:locale\" content=\"en_US\" \/>\n<meta property=\"og:type\" content=\"article\" \/>\n<meta property=\"og:title\" content=\"Accueil - Vittet Golf Academy\" \/>\n<meta property=\"og:description\" content=\"Fr\u00e9d\u00e9ric VITTET J\u2019ai eu la chance de d\u00e9couvrir le golf \u00e0 l\u2019\u00e2ge de 14 ans au golf de Divonne par l\u2019interm\u00e9diaire de mon oncle, professeur de golf et j\u2019ai tout de suite \u00e9t\u00e9 passionn\u00e9 par ce sport. Tr\u00e8s vite, en quelques ann\u00e9es, j\u2019ai r\u00e9ussi \u00e0 atteindre le niveau hcp z\u00e9ro. Parcours et palmar\u00e8s A 16 [&hellip;]\" \/>\n<meta property=\"og:url\" content=\"https:\/\/vittetgolf-academy.com\/en\/\" \/>\n<meta property=\"og:site_name\" content=\"Vittet Golf Academy\" \/>\n<meta property=\"article:modified_time\" content=\"2025-05-22T07:44:07+00:00\" \/>\n<meta property=\"og:image\" content=\"https:\/\/vittetgolf-academy.com\/wp-content\/uploads\/2024\/10\/balle-golf.jpg\" \/>\n\t<meta property=\"og:image:width\" content=\"8000\" \/>\n\t<meta property=\"og:image:height\" content=\"8000\" \/>\n\t<meta property=\"og:image:type\" content=\"image\/jpeg\" \/>\n<meta name=\"twitter:card\" content=\"summary_large_image\" \/>\n<meta name=\"twitter:label1\" content=\"Est. reading time\" \/>\n\t<meta name=\"twitter:data1\" content=\"3 minutes\" \/>\n<script type=\"application\/ld+json\" class=\"yoast-schema-graph\">{\"@context\":\"https:\/\/schema.org\",\"@graph\":[{\"@type\":\"WebPage\",\"@id\":\"https:\/\/vittetgolf-academy.com\/\",\"url\":\"https:\/\/vittetgolf-academy.com\/\",\"name\":\"Accueil - Vittet Golf Academy\",\"isPartOf\":{\"@id\":\"https:\/\/vittetgolf-academy.com\/#website\"},\"primaryImageOfPage\":{\"@id\":\"https:\/\/vittetgolf-academy.com\/#primaryimage\"},\"image\":{\"@id\":\"https:\/\/vittetgolf-academy.com\/#primaryimage\"},\"thumbnailUrl\":\"https:\/\/vittetgolf-academy.com\/wp-content\/uploads\/2024\/10\/balle-golf-1024x1024.jpg\",\"datePublished\":\"2024-10-17T13:43:52+00:00\",\"dateModified\":\"2025-05-22T07:44:07+00:00\",\"breadcrumb\":{\"@id\":\"https:\/\/vittetgolf-academy.com\/#breadcrumb\"},\"inLanguage\":\"en-US\",\"potentialAction\":[{\"@type\":\"ReadAction\",\"target\":[\"https:\/\/vittetgolf-academy.com\/\"]}]},{\"@type\":\"ImageObject\",\"inLanguage\":\"en-US\",\"@id\":\"https:\/\/vittetgolf-academy.com\/#primaryimage\",\"url\":\"https:\/\/vittetgolf-academy.com\/wp-content\/uploads\/2024\/10\/balle-golf-1024x1024.jpg\",\"contentUrl\":\"https:\/\/vittetgolf-academy.com\/wp-content\/uploads\/2024\/10\/balle-golf-1024x1024.jpg\"},{\"@type\":\"BreadcrumbList\",\"@id\":\"https:\/\/vittetgolf-academy.com\/#breadcrumb\",\"itemListElement\":[{\"@type\":\"ListItem\",\"position\":1,\"name\":\"Accueil\",\"item\":\"https:\/\/vittetgolf-academy.com\/\"},{\"@type\":\"ListItem\",\"position\":2,\"name\":\"Accueil\"}]},{\"@type\":\"WebSite\",\"@id\":\"https:\/\/vittetgolf-academy.com\/#website\",\"url\":\"https:\/\/vittetgolf-academy.com\/\",\"name\":\"Vittet Golf Academy\",\"description\":\"Cours et stages de golf\",\"publisher\":{\"@id\":\"https:\/\/vittetgolf-academy.com\/#organization\"},\"potentialAction\":[{\"@type\":\"SearchAction\",\"target\":{\"@type\":\"EntryPoint\",\"urlTemplate\":\"https:\/\/vittetgolf-academy.com\/?s={search_term_string}\"},\"query-input\":{\"@type\":\"PropertyValueSpecification\",\"valueRequired\":true,\"valueName\":\"search_term_string\"}}],\"inLanguage\":\"en-US\"},{\"@type\":\"Organization\",\"@id\":\"https:\/\/vittetgolf-academy.com\/#organization\",\"name\":\"Vittet Golf Academy\",\"url\":\"https:\/\/vittetgolf-academy.com\/\",\"logo\":{\"@type\":\"ImageObject\",\"inLanguage\":\"en-US\",\"@id\":\"https:\/\/vittetgolf-academy.com\/#\/schema\/logo\/image\/\",\"url\":\"https:\/\/vittetgolf-academy.com\/wp-content\/uploads\/2024\/10\/logo4.png\",\"contentUrl\":\"https:\/\/vittetgolf-academy.com\/wp-content\/uploads\/2024\/10\/logo4.png\",\"width\":2000,\"height\":513,\"caption\":\"Vittet Golf  Academy\"},\"image\":{\"@id\":\"https:\/\/vittetgolf-academy.com\/#\/schema\/logo\/image\/\"}}]}<\/script>\n<!-- \/ Yoast SEO plugin. -->","yoast_head_json":{"title":"Accueil - Vittet Golf Academy","robots":{"index":"index","follow":"follow","max-snippet":"max-snippet:-1","max-image-preview":"max-image-preview:large","max-video-preview":"max-video-preview:-1"},"canonical":"https:\/\/vittetgolf-academy.com\/en\/","og_locale":"en_US","og_type":"article","og_title":"Accueil - Vittet Golf Academy","og_description":"Fr\u00e9d\u00e9ric VITTET J\u2019ai eu la chance de d\u00e9couvrir le golf \u00e0 l\u2019\u00e2ge de 14 ans au golf de Divonne par l\u2019interm\u00e9diaire de mon oncle, professeur de golf et j\u2019ai tout de suite \u00e9t\u00e9 passionn\u00e9 par ce sport. Tr\u00e8s vite, en quelques ann\u00e9es, j\u2019ai r\u00e9ussi \u00e0 atteindre le niveau hcp z\u00e9ro. Parcours et palmar\u00e8s A 16 [&hellip;]","og_url":"https:\/\/vittetgolf-academy.com\/en\/","og_site_name":"Vittet Golf Academy","article_modified_time":"2025-05-22T07:44:07+00:00","og_image":[{"width":8000,"height":8000,"url":"https:\/\/vittetgolf-academy.com\/wp-content\/uploads\/2024\/10\/balle-golf.jpg","type":"image\/jpeg"}],"twitter_card":"summary_large_image","twitter_misc":{"Est. reading time":"3 minutes"},"schema":{"@context":"https:\/\/schema.org","@graph":[{"@type":"WebPage","@id":"https:\/\/vittetgolf-academy.com\/","url":"https:\/\/vittetgolf-academy.com\/","name":"Accueil - Vittet Golf Academy","isPartOf":{"@id":"https:\/\/vittetgolf-academy.com\/#website"},"primaryImageOfPage":{"@id":"https:\/\/vittetgolf-academy.com\/#primaryimage"},"image":{"@id":"https:\/\/vittetgolf-academy.com\/#primaryimage"},"thumbnailUrl":"https:\/\/vittetgolf-academy.com\/wp-content\/uploads\/2024\/10\/balle-golf-1024x1024.jpg","datePublished":"2024-10-17T13:43:52+00:00","dateModified":"2025-05-22T07:44:07+00:00","breadcrumb":{"@id":"https:\/\/vittetgolf-academy.com\/#breadcrumb"},"inLanguage":"en-US","potentialAction":[{"@type":"ReadAction","target":["https:\/\/vittetgolf-academy.com\/"]}]},{"@type":"ImageObject","inLanguage":"en-US","@id":"https:\/\/vittetgolf-academy.com\/#primaryimage","url":"https:\/\/vittetgolf-academy.com\/wp-content\/uploads\/2024\/10\/balle-golf-1024x1024.jpg","contentUrl":"https:\/\/vittetgolf-academy.com\/wp-content\/uploads\/2024\/10\/balle-golf-1024x1024.jpg"},{"@type":"BreadcrumbList","@id":"https:\/\/vittetgolf-academy.com\/#breadcrumb","itemListElement":[{"@type":"ListItem","position":1,"name":"Accueil","item":"https:\/\/vittetgolf-academy.com\/"},{"@type":"ListItem","position":2,"name":"Accueil"}]},{"@type":"WebSite","@id":"https:\/\/vittetgolf-academy.com\/#website","url":"https:\/\/vittetgolf-academy.com\/","name":"Vittet Golf Academy","description":"Cours et stages de golf","publisher":{"@id":"https:\/\/vittetgolf-academy.com\/#organization"},"potentialAction":[{"@type":"SearchAction","target":{"@type":"EntryPoint","urlTemplate":"https:\/\/vittetgolf-academy.com\/?s={search_term_string}"},"query-input":{"@type":"PropertyValueSpecification","valueRequired":true,"valueName":"search_term_string"}}],"inLanguage":"en-US"},{"@type":"Organization","@id":"https:\/\/vittetgolf-academy.com\/#organization","name":"Vittet Golf Academy","url":"https:\/\/vittetgolf-academy.com\/","logo":{"@type":"ImageObject","inLanguage":"en-US","@id":"https:\/\/vittetgolf-academy.com\/#\/schema\/logo\/image\/","url":"https:\/\/vittetgolf-academy.com\/wp-content\/uploads\/2024\/10\/logo4.png","contentUrl":"https:\/\/vittetgolf-academy.com\/wp-content\/uploads\/2024\/10\/logo4.png","width":2000,"height":513,"caption":"Vittet Golf  Academy"},"image":{"@id":"https:\/\/vittetgolf-academy.com\/#\/schema\/logo\/image\/"}}]}},"_links":{"self":[{"href":"https:\/\/vittetgolf-academy.com\/en\/wp-json\/wp\/v2\/pages\/43","targetHints":{"allow":["GET"]}}],"collection":[{"href":"https:\/\/vittetgolf-academy.com\/en\/wp-json\/wp\/v2\/pages"}],"about":[{"href":"https:\/\/vittetgolf-academy.com\/en\/wp-json\/wp\/v2\/types\/page"}],"author":[{"embeddable":true,"href":"https:\/\/vittetgolf-academy.com\/en\/wp-json\/wp\/v2\/users\/1"}],"replies":[{"embeddable":true,"href":"https:\/\/vittetgolf-academy.com\/en\/wp-json\/wp\/v2\/comments?post=43"}],"version-history":[{"count":52,"href":"https:\/\/vittetgolf-academy.com\/en\/wp-json\/wp\/v2\/pages\/43\/revisions"}],"predecessor-version":[{"id":571,"href":"https:\/\/vittetgolf-academy.com\/en\/wp-json\/wp\/v2\/pages\/43\/revisions\/571"}],"wp:attachment":[{"href":"https:\/\/vittetgolf-academy.com\/en\/wp-json\/wp\/v2\/media?parent=43"}],"curies":[{"name":"wp","href":"https:\/\/api.w.org\/{rel}","templated":true}]}}