{"id":277,"date":"2024-11-04T15:57:51","date_gmt":"2024-11-04T14:57:51","guid":{"rendered":"https:\/\/vittetgolf-academy.com\/?page_id=277"},"modified":"2025-05-22T11:21:36","modified_gmt":"2025-05-22T09:21:36","slug":"ecole-de-golf","status":"publish","type":"page","link":"https:\/\/vittetgolf-academy.com\/en\/ecole-de-golf\/","title":{"rendered":"Golf school"},"content":{"rendered":"<div data-elementor-type=\"wp-page\" data-elementor-id=\"277\" class=\"elementor elementor-277\" data-elementor-post-type=\"page\">\n\t\t\t\t<div class=\"elementor-element elementor-element-0e8379d e-flex e-con-boxed e-con e-parent\" data-id=\"0e8379d\" data-element_type=\"container\">\n\t\t\t\t\t<div class=\"e-con-inner\">\n\t\t<div class=\"elementor-element elementor-element-5c288f6 e-con-full e-flex e-con e-child\" data-id=\"5c288f6\" data-element_type=\"container\">\n\t\t<div class=\"elementor-element elementor-element-204e6b3 e-con-full e-flex e-con e-child\" data-id=\"204e6b3\" data-element_type=\"container\">\n\t\t\t\t<div class=\"elementor-element elementor-element-ef20352 elementor-widget elementor-widget-image\" data-id=\"ef20352\" data-element_type=\"widget\" data-widget_type=\"image.default\">\n\t\t\t\t<div class=\"elementor-widget-container\">\n\t\t\t\t\t\t\t\t\t\t\t\t\t<img fetchpriority=\"high\" decoding=\"async\" width=\"800\" height=\"800\" src=\"https:\/\/vittetgolf-academy.com\/wp-content\/uploads\/2024\/10\/balle-golf-1024x1024.jpg\" class=\"attachment-large size-large wp-image-71\" alt=\"\" srcset=\"https:\/\/vittetgolf-academy.com\/wp-content\/uploads\/2024\/10\/balle-golf-1024x1024.jpg 1024w, https:\/\/vittetgolf-academy.com\/wp-content\/uploads\/2024\/10\/balle-golf-300x300.jpg 300w, https:\/\/vittetgolf-academy.com\/wp-content\/uploads\/2024\/10\/balle-golf-768x768.jpg 768w\" sizes=\"(max-width: 800px) 100vw, 800px\" \/>\t\t\t\t\t\t\t\t\t\t\t\t\t<\/div>\n\t\t\t\t<\/div>\n\t\t\t\t<\/div>\n\t\t<div class=\"elementor-element elementor-element-c587741 e-con-full e-flex e-con e-child\" data-id=\"c587741\" data-element_type=\"container\">\n\t\t\t\t<div class=\"elementor-element elementor-element-1532cc7 elementor-widget elementor-widget-heading\" data-id=\"1532cc7\" data-element_type=\"widget\" data-widget_type=\"heading.default\">\n\t\t\t\t<div class=\"elementor-widget-container\">\n\t\t\t<h2 class=\"elementor-heading-title elementor-size-default\">Golf school<\/h2>\t\t<\/div>\n\t\t\t\t<\/div>\n\t\t\t\t<\/div>\n\t\t\t\t<\/div>\n\t\t\t\t\t<\/div>\n\t\t\t\t<\/div>\n\t\t<div class=\"elementor-element elementor-element-12daa99 e-flex e-con-boxed e-con e-parent\" data-id=\"12daa99\" data-element_type=\"container\">\n\t\t\t\t\t<div class=\"e-con-inner\">\n\t\t\t\t<div class=\"elementor-element elementor-element-be0d2cb elementor-widget elementor-widget-text-editor\" data-id=\"be0d2cb\" data-element_type=\"widget\" data-widget_type=\"text-editor.default\">\n\t\t\t\t<div class=\"elementor-widget-container\">\n\t\t\t\t\t\t\t<p>Quality golf school with small groups for better teaching.<\/p>\t\t\t\t\t\t<\/div>\n\t\t\t\t<\/div>\n\t\t\t\t\t<\/div>\n\t\t\t\t<\/div>\n\t\t<div class=\"elementor-element elementor-element-cdfe768 e-flex e-con-boxed e-con e-parent\" data-id=\"cdfe768\" data-element_type=\"container\">\n\t\t\t\t\t<div class=\"e-con-inner\">\n\t\t<div class=\"elementor-element elementor-element-2d2da26 e-con-full e-flex e-con e-child\" data-id=\"2d2da26\" data-element_type=\"container\">\n\t\t<div class=\"elementor-element elementor-element-6561e90 e-con-full e-flex e-con e-child\" data-id=\"6561e90\" data-element_type=\"container\">\n\t\t\t\t<div class=\"elementor-element elementor-element-2a850ac elementor-widget__width-initial elementor-widget elementor-widget-image\" data-id=\"2a850ac\" data-element_type=\"widget\" data-widget_type=\"image.default\">\n\t\t\t\t<div class=\"elementor-widget-container\">\n\t\t\t\t\t\t\t\t\t\t\t\t\t<img decoding=\"async\" width=\"512\" height=\"536\" src=\"https:\/\/vittetgolf-academy.com\/wp-content\/uploads\/2024\/10\/icon-2clubs.png\" class=\"attachment-large size-large wp-image-188\" alt=\"\" srcset=\"https:\/\/vittetgolf-academy.com\/wp-content\/uploads\/2024\/10\/icon-2clubs.png 512w, https:\/\/vittetgolf-academy.com\/wp-content\/uploads\/2024\/10\/icon-2clubs-287x300.png 287w\" sizes=\"(max-width: 512px) 100vw, 512px\" \/>\t\t\t\t\t\t\t\t\t\t\t\t\t<\/div>\n\t\t\t\t<\/div>\n\t\t\t\t<div class=\"elementor-element elementor-element-359dc0f elementor-widget__width-initial elementor-widget elementor-widget-heading\" data-id=\"359dc0f\" data-element_type=\"widget\" data-widget_type=\"heading.default\">\n\t\t\t\t<div class=\"elementor-widget-container\">\n\t\t\t<h2 class=\"elementor-heading-title elementor-size-default\">\"PERFECTIONNEMENT\u201d subscription<\/h2>\t\t<\/div>\n\t\t\t\t<\/div>\n\t\t\t\t<\/div>\n\t\t\t\t<div class=\"elementor-element elementor-element-69a230e elementor-widget elementor-widget-text-editor\" data-id=\"69a230e\" data-element_type=\"widget\" data-widget_type=\"text-editor.default\">\n\t\t\t\t<div class=\"elementor-widget-container\">\n\t\t\t\t\t\t\t<h5>For \u20ac1,500 perfect your game at Golf du domaine de Divonne*.<\/h5><p>Designed for players** who want to combine private lessons with time on the course, this subscription allows everyone to progress at their own pace.<\/p><p>Included with your subscription :<\/p><ul><li>8 individual 45-minute lessons with one of our pros (practice balls included)<\/li><li>20 practice ball buckets<\/li><li>Access to the course on reservation on the following days and times:<br \/>- weekdays: every day between 2pm and 5pm<br \/>- weekends: between 3pm and 6pm<br \/>(access to the course outside these hours only after payment of a green fee, at the applicable rate)<\/li><\/ul><div>\u00a0<\/div><div>* <i>Offer valid for 12 months from date of subscription, non-renewable and FFG license not included in the package.<\/i><br \/>** <i>Offer reserved for players with an index greater than 25<\/i><\/div>\t\t\t\t\t\t<\/div>\n\t\t\t\t<\/div>\n\t\t\t\t<\/div>\n\t\t\t\t\t<\/div>\n\t\t\t\t<\/div>\n\t\t<div class=\"elementor-element elementor-element-190a6f3 e-flex e-con-boxed e-con e-parent\" data-id=\"190a6f3\" data-element_type=\"container\">\n\t\t\t\t\t<div class=\"e-con-inner\">\n\t\t<div class=\"elementor-element elementor-element-ba90cc1 e-con-full e-flex e-con e-child\" data-id=\"ba90cc1\" data-element_type=\"container\">\n\t\t<div class=\"elementor-element elementor-element-c7e150c e-con-full e-flex e-con e-child\" data-id=\"c7e150c\" data-element_type=\"container\">\n\t\t\t\t<div class=\"elementor-element elementor-element-c9b8bd6 elementor-widget__width-initial elementor-widget elementor-widget-image\" data-id=\"c9b8bd6\" data-element_type=\"widget\" data-widget_type=\"image.default\">\n\t\t\t\t<div class=\"elementor-widget-container\">\n\t\t\t\t\t\t\t\t\t\t\t\t\t<img decoding=\"async\" width=\"512\" height=\"536\" src=\"https:\/\/vittetgolf-academy.com\/wp-content\/uploads\/2024\/10\/icon-2clubs.png\" class=\"attachment-large size-large wp-image-188\" alt=\"\" srcset=\"https:\/\/vittetgolf-academy.com\/wp-content\/uploads\/2024\/10\/icon-2clubs.png 512w, https:\/\/vittetgolf-academy.com\/wp-content\/uploads\/2024\/10\/icon-2clubs-287x300.png 287w\" sizes=\"(max-width: 512px) 100vw, 512px\" \/>\t\t\t\t\t\t\t\t\t\t\t\t\t<\/div>\n\t\t\t\t<\/div>\n\t\t\t\t<div class=\"elementor-element elementor-element-e1f06fd elementor-widget__width-initial elementor-widget elementor-widget-heading\" data-id=\"e1f06fd\" data-element_type=\"widget\" data-widget_type=\"heading.default\">\n\t\t\t\t<div class=\"elementor-widget-container\">\n\t\t\t<h2 class=\"elementor-heading-title elementor-size-default\">\"DISCOVERY\u201d subscription<\/h2>\t\t<\/div>\n\t\t\t\t<\/div>\n\t\t\t\t<\/div>\n\t\t\t\t<div class=\"elementor-element elementor-element-f6d43bb elementor-widget elementor-widget-text-editor\" data-id=\"f6d43bb\" data-element_type=\"widget\" data-widget_type=\"text-editor.default\">\n\t\t\t\t<div class=\"elementor-widget-container\">\n\t\t\t\t\t\t\t<h5>Details coming soon<\/h5>\t\t\t\t\t\t<\/div>\n\t\t\t\t<\/div>\n\t\t\t\t<\/div>\n\t\t\t\t\t<\/div>\n\t\t\t\t<\/div>\n\t\t<div class=\"elementor-element elementor-element-a84512c e-flex e-con-boxed e-con e-parent\" data-id=\"a84512c\" data-element_type=\"container\">\n\t\t\t\t\t<div class=\"e-con-inner\">\n\t\t<div class=\"elementor-element elementor-element-9be1aee e-con-full e-flex e-con e-child\" data-id=\"9be1aee\" data-element_type=\"container\">\n\t\t<div class=\"elementor-element elementor-element-59a1ead e-con-full e-flex e-con e-child\" data-id=\"59a1ead\" data-element_type=\"container\">\n\t\t\t\t<div class=\"elementor-element elementor-element-d136a82 elementor-widget__width-initial elementor-widget elementor-widget-image\" data-id=\"d136a82\" data-element_type=\"widget\" data-widget_type=\"image.default\">\n\t\t\t\t<div class=\"elementor-widget-container\">\n\t\t\t\t\t\t\t\t\t\t\t\t\t<img decoding=\"async\" width=\"512\" height=\"536\" src=\"https:\/\/vittetgolf-academy.com\/wp-content\/uploads\/2024\/10\/icon-2clubs.png\" class=\"attachment-large size-large wp-image-188\" alt=\"\" srcset=\"https:\/\/vittetgolf-academy.com\/wp-content\/uploads\/2024\/10\/icon-2clubs.png 512w, https:\/\/vittetgolf-academy.com\/wp-content\/uploads\/2024\/10\/icon-2clubs-287x300.png 287w\" sizes=\"(max-width: 512px) 100vw, 512px\" \/>\t\t\t\t\t\t\t\t\t\t\t\t\t<\/div>\n\t\t\t\t<\/div>\n\t\t\t\t<div class=\"elementor-element elementor-element-f85eb2e elementor-widget__width-initial elementor-widget elementor-widget-heading\" data-id=\"f85eb2e\" data-element_type=\"widget\" data-widget_type=\"heading.default\">\n\t\t\t\t<div class=\"elementor-widget-container\">\n\t\t\t<h2 class=\"elementor-heading-title elementor-size-default\">Golf school for children<\/h2>\t\t<\/div>\n\t\t\t\t<\/div>\n\t\t\t\t<\/div>\n\t\t\t\t<div class=\"elementor-element elementor-element-2be7720 elementor-widget elementor-widget-text-editor\" data-id=\"2be7720\" data-element_type=\"widget\" data-widget_type=\"text-editor.default\">\n\t\t\t\t<div class=\"elementor-widget-container\">\n\t\t\t\t\t\t\t<ul><li>Preparation for club, local and Us kids competitions<\/li><li>Preparation for high-level national or international competition, with the help of a physical coach and a mental trainer.<\/li><\/ul>\t\t\t\t\t\t<\/div>\n\t\t\t\t<\/div>\n\t\t\t\t<\/div>\n\t\t\t\t\t<\/div>\n\t\t\t\t<\/div>\n\t\t<div class=\"elementor-element elementor-element-fed425c e-flex e-con-boxed e-con e-parent\" data-id=\"fed425c\" data-element_type=\"container\">\n\t\t\t\t\t<div class=\"e-con-inner\">\n\t\t\t\t<div class=\"elementor-element elementor-element-05ff0c8 elementor-widget elementor-widget-video\" data-id=\"05ff0c8\" data-element_type=\"widget\" data-settings=\"{&quot;youtube_url&quot;:&quot;https:\\\/\\\/youtube.com\\\/embed\\\/rl-hJAwTbk0?feature=share&quot;,&quot;autoplay&quot;:&quot;yes&quot;,&quot;play_on_mobile&quot;:&quot;yes&quot;,&quot;video_type&quot;:&quot;youtube&quot;,&quot;controls&quot;:&quot;yes&quot;}\" data-widget_type=\"video.default\">\n\t\t\t\t<div class=\"elementor-widget-container\">\n\t\t\t\t\t<div class=\"elementor-wrapper elementor-open-inline\">\n\t\t\t<div class=\"elementor-video\"><\/div>\t\t<\/div>\n\t\t\t\t<\/div>\n\t\t\t\t<\/div>\n\t\t\t\t\t<\/div>\n\t\t\t\t<\/div>\n\t\t\t\t<\/div>","protected":false},"excerpt":{"rendered":"<p>Ecole de golf Ecole de golf de qualit\u00e9 avec des groupes r\u00e9duits pour un meilleur enseignement. Abonnement \u00ab\u00a0PERFECTIONNEMENT\u00a0\u00bb Pour 1500 \u20ac perfectionnez votre jeu au Golf du domaine de Divonne* Destin\u00e9 \u00e0 des joueurs** souhaitant coupler le\u00e7ons particuli\u00e8res et temps de parcours, cet abonnement permettra \u00e0 chacun de progresser \u00e0 son rythme. Inclus dans votre [&hellip;]<\/p>","protected":false},"author":1,"featured_media":0,"parent":0,"menu_order":0,"comment_status":"closed","ping_status":"closed","template":"","meta":{"footnotes":""},"class_list":["post-277","page","type-page","status-publish","hentry"],"yoast_head":"<!-- This site is optimized with the Yoast SEO plugin v24.0 - https:\/\/yoast.com\/wordpress\/plugins\/seo\/ -->\n<title>Ecole de golf - Vittet Golf Academy<\/title>\n<meta name=\"robots\" content=\"index, follow, max-snippet:-1, max-image-preview:large, max-video-preview:-1\" \/>\n<link rel=\"canonical\" href=\"https:\/\/vittetgolf-academy.com\/en\/ecole-de-golf\/\" \/>\n<meta property=\"og:locale\" content=\"en_US\" \/>\n<meta property=\"og:type\" content=\"article\" \/>\n<meta property=\"og:title\" content=\"Ecole de golf - Vittet Golf Academy\" \/>\n<meta property=\"og:description\" content=\"Ecole de golf Ecole de golf de qualit\u00e9 avec des groupes r\u00e9duits pour un meilleur enseignement. Abonnement \u00ab\u00a0PERFECTIONNEMENT\u00a0\u00bb Pour 1500 \u20ac perfectionnez votre jeu au Golf du domaine de Divonne* Destin\u00e9 \u00e0 des joueurs** souhaitant coupler le\u00e7ons particuli\u00e8res et temps de parcours, cet abonnement permettra \u00e0 chacun de progresser \u00e0 son rythme. Inclus dans votre [&hellip;]\" \/>\n<meta property=\"og:url\" content=\"https:\/\/vittetgolf-academy.com\/en\/ecole-de-golf\/\" \/>\n<meta property=\"og:site_name\" content=\"Vittet Golf Academy\" \/>\n<meta property=\"article:modified_time\" content=\"2025-05-22T09:21:36+00:00\" \/>\n<meta property=\"og:image\" content=\"https:\/\/vittetgolf-academy.com\/wp-content\/uploads\/2024\/10\/balle-golf.jpg\" \/>\n\t<meta property=\"og:image:width\" content=\"8000\" \/>\n\t<meta property=\"og:image:height\" content=\"8000\" \/>\n\t<meta property=\"og:image:type\" content=\"image\/jpeg\" \/>\n<meta name=\"twitter:card\" content=\"summary_large_image\" \/>\n<meta name=\"twitter:label1\" content=\"Est. reading time\" \/>\n\t<meta name=\"twitter:data1\" content=\"2 minutes\" \/>\n<script type=\"application\/ld+json\" class=\"yoast-schema-graph\">{\"@context\":\"https:\/\/schema.org\",\"@graph\":[{\"@type\":\"WebPage\",\"@id\":\"https:\/\/vittetgolf-academy.com\/ecole-de-golf\/\",\"url\":\"https:\/\/vittetgolf-academy.com\/ecole-de-golf\/\",\"name\":\"Ecole de golf - Vittet Golf Academy\",\"isPartOf\":{\"@id\":\"https:\/\/vittetgolf-academy.com\/#website\"},\"primaryImageOfPage\":{\"@id\":\"https:\/\/vittetgolf-academy.com\/ecole-de-golf\/#primaryimage\"},\"image\":{\"@id\":\"https:\/\/vittetgolf-academy.com\/ecole-de-golf\/#primaryimage\"},\"thumbnailUrl\":\"https:\/\/vittetgolf-academy.com\/wp-content\/uploads\/2024\/10\/balle-golf-1024x1024.jpg\",\"datePublished\":\"2024-11-04T14:57:51+00:00\",\"dateModified\":\"2025-05-22T09:21:36+00:00\",\"breadcrumb\":{\"@id\":\"https:\/\/vittetgolf-academy.com\/ecole-de-golf\/#breadcrumb\"},\"inLanguage\":\"en-US\",\"potentialAction\":[{\"@type\":\"ReadAction\",\"target\":[\"https:\/\/vittetgolf-academy.com\/ecole-de-golf\/\"]}]},{\"@type\":\"ImageObject\",\"inLanguage\":\"en-US\",\"@id\":\"https:\/\/vittetgolf-academy.com\/ecole-de-golf\/#primaryimage\",\"url\":\"https:\/\/vittetgolf-academy.com\/wp-content\/uploads\/2024\/10\/balle-golf-1024x1024.jpg\",\"contentUrl\":\"https:\/\/vittetgolf-academy.com\/wp-content\/uploads\/2024\/10\/balle-golf-1024x1024.jpg\"},{\"@type\":\"BreadcrumbList\",\"@id\":\"https:\/\/vittetgolf-academy.com\/ecole-de-golf\/#breadcrumb\",\"itemListElement\":[{\"@type\":\"ListItem\",\"position\":1,\"name\":\"Accueil\",\"item\":\"https:\/\/vittetgolf-academy.com\/\"},{\"@type\":\"ListItem\",\"position\":2,\"name\":\"Ecole de golf\"}]},{\"@type\":\"WebSite\",\"@id\":\"https:\/\/vittetgolf-academy.com\/#website\",\"url\":\"https:\/\/vittetgolf-academy.com\/\",\"name\":\"Vittet Golf Academy\",\"description\":\"Cours et stages de golf\",\"publisher\":{\"@id\":\"https:\/\/vittetgolf-academy.com\/#organization\"},\"potentialAction\":[{\"@type\":\"SearchAction\",\"target\":{\"@type\":\"EntryPoint\",\"urlTemplate\":\"https:\/\/vittetgolf-academy.com\/?s={search_term_string}\"},\"query-input\":{\"@type\":\"PropertyValueSpecification\",\"valueRequired\":true,\"valueName\":\"search_term_string\"}}],\"inLanguage\":\"en-US\"},{\"@type\":\"Organization\",\"@id\":\"https:\/\/vittetgolf-academy.com\/#organization\",\"name\":\"Vittet Golf Academy\",\"url\":\"https:\/\/vittetgolf-academy.com\/\",\"logo\":{\"@type\":\"ImageObject\",\"inLanguage\":\"en-US\",\"@id\":\"https:\/\/vittetgolf-academy.com\/#\/schema\/logo\/image\/\",\"url\":\"https:\/\/vittetgolf-academy.com\/wp-content\/uploads\/2024\/10\/logo4.png\",\"contentUrl\":\"https:\/\/vittetgolf-academy.com\/wp-content\/uploads\/2024\/10\/logo4.png\",\"width\":2000,\"height\":513,\"caption\":\"Vittet Golf  Academy\"},\"image\":{\"@id\":\"https:\/\/vittetgolf-academy.com\/#\/schema\/logo\/image\/\"}}]}<\/script>\n<!-- \/ Yoast SEO plugin. -->","yoast_head_json":{"title":"Ecole de golf - Vittet Golf Academy","robots":{"index":"index","follow":"follow","max-snippet":"max-snippet:-1","max-image-preview":"max-image-preview:large","max-video-preview":"max-video-preview:-1"},"canonical":"https:\/\/vittetgolf-academy.com\/en\/ecole-de-golf\/","og_locale":"en_US","og_type":"article","og_title":"Ecole de golf - Vittet Golf Academy","og_description":"Ecole de golf Ecole de golf de qualit\u00e9 avec des groupes r\u00e9duits pour un meilleur enseignement. Abonnement \u00ab\u00a0PERFECTIONNEMENT\u00a0\u00bb Pour 1500 \u20ac perfectionnez votre jeu au Golf du domaine de Divonne* Destin\u00e9 \u00e0 des joueurs** souhaitant coupler le\u00e7ons particuli\u00e8res et temps de parcours, cet abonnement permettra \u00e0 chacun de progresser \u00e0 son rythme. Inclus dans votre [&hellip;]","og_url":"https:\/\/vittetgolf-academy.com\/en\/ecole-de-golf\/","og_site_name":"Vittet Golf Academy","article_modified_time":"2025-05-22T09:21:36+00:00","og_image":[{"width":8000,"height":8000,"url":"https:\/\/vittetgolf-academy.com\/wp-content\/uploads\/2024\/10\/balle-golf.jpg","type":"image\/jpeg"}],"twitter_card":"summary_large_image","twitter_misc":{"Est. reading time":"2 minutes"},"schema":{"@context":"https:\/\/schema.org","@graph":[{"@type":"WebPage","@id":"https:\/\/vittetgolf-academy.com\/ecole-de-golf\/","url":"https:\/\/vittetgolf-academy.com\/ecole-de-golf\/","name":"Ecole de golf - Vittet Golf Academy","isPartOf":{"@id":"https:\/\/vittetgolf-academy.com\/#website"},"primaryImageOfPage":{"@id":"https:\/\/vittetgolf-academy.com\/ecole-de-golf\/#primaryimage"},"image":{"@id":"https:\/\/vittetgolf-academy.com\/ecole-de-golf\/#primaryimage"},"thumbnailUrl":"https:\/\/vittetgolf-academy.com\/wp-content\/uploads\/2024\/10\/balle-golf-1024x1024.jpg","datePublished":"2024-11-04T14:57:51+00:00","dateModified":"2025-05-22T09:21:36+00:00","breadcrumb":{"@id":"https:\/\/vittetgolf-academy.com\/ecole-de-golf\/#breadcrumb"},"inLanguage":"en-US","potentialAction":[{"@type":"ReadAction","target":["https:\/\/vittetgolf-academy.com\/ecole-de-golf\/"]}]},{"@type":"ImageObject","inLanguage":"en-US","@id":"https:\/\/vittetgolf-academy.com\/ecole-de-golf\/#primaryimage","url":"https:\/\/vittetgolf-academy.com\/wp-content\/uploads\/2024\/10\/balle-golf-1024x1024.jpg","contentUrl":"https:\/\/vittetgolf-academy.com\/wp-content\/uploads\/2024\/10\/balle-golf-1024x1024.jpg"},{"@type":"BreadcrumbList","@id":"https:\/\/vittetgolf-academy.com\/ecole-de-golf\/#breadcrumb","itemListElement":[{"@type":"ListItem","position":1,"name":"Accueil","item":"https:\/\/vittetgolf-academy.com\/"},{"@type":"ListItem","position":2,"name":"Ecole de golf"}]},{"@type":"WebSite","@id":"https:\/\/vittetgolf-academy.com\/#website","url":"https:\/\/vittetgolf-academy.com\/","name":"Vittet Golf Academy","description":"Cours et stages de golf","publisher":{"@id":"https:\/\/vittetgolf-academy.com\/#organization"},"potentialAction":[{"@type":"SearchAction","target":{"@type":"EntryPoint","urlTemplate":"https:\/\/vittetgolf-academy.com\/?s={search_term_string}"},"query-input":{"@type":"PropertyValueSpecification","valueRequired":true,"valueName":"search_term_string"}}],"inLanguage":"en-US"},{"@type":"Organization","@id":"https:\/\/vittetgolf-academy.com\/#organization","name":"Vittet Golf Academy","url":"https:\/\/vittetgolf-academy.com\/","logo":{"@type":"ImageObject","inLanguage":"en-US","@id":"https:\/\/vittetgolf-academy.com\/#\/schema\/logo\/image\/","url":"https:\/\/vittetgolf-academy.com\/wp-content\/uploads\/2024\/10\/logo4.png","contentUrl":"https:\/\/vittetgolf-academy.com\/wp-content\/uploads\/2024\/10\/logo4.png","width":2000,"height":513,"caption":"Vittet Golf  Academy"},"image":{"@id":"https:\/\/vittetgolf-academy.com\/#\/schema\/logo\/image\/"}}]}},"_links":{"self":[{"href":"https:\/\/vittetgolf-academy.com\/en\/wp-json\/wp\/v2\/pages\/277","targetHints":{"allow":["GET"]}}],"collection":[{"href":"https:\/\/vittetgolf-academy.com\/en\/wp-json\/wp\/v2\/pages"}],"about":[{"href":"https:\/\/vittetgolf-academy.com\/en\/wp-json\/wp\/v2\/types\/page"}],"author":[{"embeddable":true,"href":"https:\/\/vittetgolf-academy.com\/en\/wp-json\/wp\/v2\/users\/1"}],"replies":[{"embeddable":true,"href":"https:\/\/vittetgolf-academy.com\/en\/wp-json\/wp\/v2\/comments?post=277"}],"version-history":[{"count":49,"href":"https:\/\/vittetgolf-academy.com\/en\/wp-json\/wp\/v2\/pages\/277\/revisions"}],"predecessor-version":[{"id":575,"href":"https:\/\/vittetgolf-academy.com\/en\/wp-json\/wp\/v2\/pages\/277\/revisions\/575"}],"wp:attachment":[{"href":"https:\/\/vittetgolf-academy.com\/en\/wp-json\/wp\/v2\/media?parent=277"}],"curies":[{"name":"wp","href":"https:\/\/api.w.org\/{rel}","templated":true}]}}